{"id":617,"date":"2021-11-01T09:49:45","date_gmt":"2021-11-01T08:49:45","guid":{"rendered":"https:\/\/bygdeforeningen.vidsel.se\/?page_id=617"},"modified":"2024-04-09T11:33:07","modified_gmt":"2024-04-09T09:33:07","slug":"konferans","status":"publish","type":"page","link":"https:\/\/bygdeforeningen.vidsel.se\/index.php\/konferans\/","title":{"rendered":"Konferens"},"content":{"rendered":"\t\t<div data-elementor-type=\"wp-page\" data-elementor-id=\"617\" class=\"elementor elementor-617\" data-elementor-settings=\"[]\">\n\t\t\t\t\t\t\t<div class=\"elementor-section-wrap\">\n\t\t\t\t\t\t\t<section class=\"elementor-section elementor-top-section elementor-element elementor-element-7b45c90f elementor-section-height-min-height elementor-section-content-middle elementor-section-boxed elementor-section-height-default elementor-section-items-middle\" data-id=\"7b45c90f\" data-element_type=\"section\" data-settings=\"{&quot;background_background&quot;:&quot;classic&quot;}\">\n\t\t\t\t\t\t\t<div class=\"elementor-background-overlay\"><\/div>\n\t\t\t\t\t\t\t<div class=\"elementor-container elementor-column-gap-no\">\n\t\t\t\t\t<div class=\"elementor-column elementor-col-100 elementor-top-column elementor-element elementor-element-40ca04e2\" data-id=\"40ca04e2\" data-element_type=\"column\">\n\t\t\t<div class=\"elementor-widget-wrap elementor-element-populated\">\n\t\t\t\t\t\t\t\t<div class=\"elementor-element elementor-element-6ceb5c90 elementor-widget elementor-widget-heading\" data-id=\"6ceb5c90\" data-element_type=\"widget\" data-widget_type=\"heading.default\">\n\t\t\t\t<div class=\"elementor-widget-container\">\n\t\t\t<h2 class=\"elementor-heading-title elementor-size-default\">konferens<\/h2>\t\t<\/div>\n\t\t\t\t<\/div>\n\t\t\t\t\t<\/div>\n\t\t<\/div>\n\t\t\t\t\t\t\t<\/div>\n\t\t<\/section>\n\t\t\t\t<section class=\"elementor-section elementor-top-section elementor-element elementor-element-3df813df elementor-section-boxed elementor-section-height-default elementor-section-height-default\" data-id=\"3df813df\" data-element_type=\"section\">\n\t\t\t\t\t\t<div class=\"elementor-container elementor-column-gap-default\">\n\t\t\t\t\t<div class=\"elementor-column elementor-col-100 elementor-top-column elementor-element elementor-element-12a2789a\" data-id=\"12a2789a\" data-element_type=\"column\">\n\t\t\t<div class=\"elementor-widget-wrap elementor-element-populated\">\n\t\t\t\t\t\t\t\t<div class=\"elementor-element elementor-element-31f17922 elementor-widget elementor-widget-spacer\" data-id=\"31f17922\" data-element_type=\"widget\" data-widget_type=\"spacer.default\">\n\t\t\t\t<div class=\"elementor-widget-container\">\n\t\t\t\t\t<div class=\"elementor-spacer\">\n\t\t\t<div class=\"elementor-spacer-inner\"><\/div>\n\t\t<\/div>\n\t\t\t\t<\/div>\n\t\t\t\t<\/div>\n\t\t\t\t<div class=\"elementor-element elementor-element-6aaf7c51 elementor-widget elementor-widget-heading\" data-id=\"6aaf7c51\" data-element_type=\"widget\" data-widget_type=\"heading.default\">\n\t\t\t\t<div class=\"elementor-widget-container\">\n\t\t\t<h2 class=\"elementor-heading-title elementor-size-default\">konferensrum<\/h2>\t\t<\/div>\n\t\t\t\t<\/div>\n\t\t\t\t\t<\/div>\n\t\t<\/div>\n\t\t\t\t\t\t\t<\/div>\n\t\t<\/section>\n\t\t\t\t<section class=\"elementor-section elementor-top-section elementor-element elementor-element-20589ffb elementor-section-boxed elementor-section-height-default elementor-section-height-default\" data-id=\"20589ffb\" data-element_type=\"section\">\n\t\t\t\t\t\t<div class=\"elementor-container elementor-column-gap-default\">\n\t\t\t\t\t<div class=\"elementor-column elementor-col-50 elementor-top-column elementor-element elementor-element-338897f6\" data-id=\"338897f6\" data-element_type=\"column\">\n\t\t\t<div class=\"elementor-widget-wrap elementor-element-populated\">\n\t\t\t\t\t\t\t\t<div class=\"elementor-element elementor-element-375b890e elementor-widget elementor-widget-text-editor\" data-id=\"375b890e\" data-element_type=\"widget\" data-widget_type=\"text-editor.default\">\n\t\t\t\t<div class=\"elementor-widget-container\">\n\t\t\t\t\t\t\t<p>Aktivitetshusets konferensrum \u00e4r 65.5 m2 stort. Lokalen m\u00f6ter alla typer av konferenser, \u00e4ven uppkopplade via v\u00e5rt lokala n\u00e4tverk, typ Teams.<br \/>Rummet \u00e4r utrustat med White board, projektorduk och projektor med ljudanl\u00e4ggning, som med f\u00f6rdel kan anv\u00e4ndas vid h\u00f6guppl\u00f6sta presentationer och videouppspelningar.<\/p><p>Vi har en mycket bra belysning som g\u00e5r att tona ner f\u00f6r b\u00e4sta \u00e5tergivning av dina presentationer.<\/p><p>Vi erbjuder dig som anv\u00e4ndare en behaglig och mysig konferensmilj\u00f6, som \u00e4r fri fr\u00e5n eko och st\u00f6rande ljud. Sitt bekv\u00e4mt i v\u00e5ra sk\u00f6na stolar och passa p\u00e5 i pausen att ta en kopp kaffe fr\u00e5n kaffemaskinen.<\/p>\t\t\t\t\t\t<\/div>\n\t\t\t\t<\/div>\n\t\t\t\t<section class=\"elementor-section elementor-inner-section elementor-element elementor-element-1258c9d1 elementor-section-boxed elementor-section-height-default elementor-section-height-default\" data-id=\"1258c9d1\" data-element_type=\"section\">\n\t\t\t\t\t\t<div class=\"elementor-container elementor-column-gap-default\">\n\t\t\t\t\t<div class=\"elementor-column elementor-col-100 elementor-inner-column elementor-element elementor-element-7fee5fce\" data-id=\"7fee5fce\" data-element_type=\"column\">\n\t\t\t<div class=\"elementor-widget-wrap elementor-element-populated\">\n\t\t\t\t\t\t\t\t<div class=\"elementor-element elementor-element-11eb7d89 elementor-widget elementor-widget-text-editor\" data-id=\"11eb7d89\" data-element_type=\"widget\" data-widget_type=\"text-editor.default\">\n\t\t\t\t<div class=\"elementor-widget-container\">\n\t\t\t\t\t\t\t<ul><li>Plats f\u00f6r upp till 20 personer<\/li><li>White Board<\/li><li>Motoriserad filmduk<\/li><li>Projektor<\/li><li>Ljudanl\u00e4ggning<\/li><li>Tillg\u00e5ng till Wifi<\/li><li>K\u00f6ksavdelning med kaffemaskin<\/li><li>M\u00f6jlighet till d\u00e4mpad belysning vid presentationer<\/li><\/ul>\t\t\t\t\t\t<\/div>\n\t\t\t\t<\/div>\n\t\t\t\t\t<\/div>\n\t\t<\/div>\n\t\t\t\t\t\t\t<\/div>\n\t\t<\/section>\n\t\t\t\t\t<\/div>\n\t\t<\/div>\n\t\t\t\t<div class=\"elementor-column elementor-col-50 elementor-top-column elementor-element elementor-element-33405f5d\" data-id=\"33405f5d\" data-element_type=\"column\">\n\t\t\t<div class=\"elementor-widget-wrap elementor-element-populated\">\n\t\t\t\t\t\t\t\t<div class=\"elementor-element elementor-element-8b6c560 elementor-widget elementor-widget-image\" data-id=\"8b6c560\" data-element_type=\"widget\" data-widget_type=\"image.default\">\n\t\t\t\t<div class=\"elementor-widget-container\">\n\t\t\t\t\t\t\t\t\t\t\t\t\t\t\t\t<a href=\"https:\/\/bygdeforeningen.vidsel.se\/wp-content\/uploads\/2022\/03\/IMG_9594-scaled.jpg\" data-elementor-open-lightbox=\"yes\" data-elementor-lightbox-title=\"Filmduk\">\n\t\t\t\t\t\t\t<img loading=\"lazy\" decoding=\"async\" width=\"1024\" height=\"683\" src=\"https:\/\/bygdeforeningen.vidsel.se\/wp-content\/uploads\/2022\/03\/IMG_9594-1024x683.jpg\" class=\"attachment-large size-large\" alt=\"\" srcset=\"https:\/\/bygdeforeningen.vidsel.se\/wp-content\/uploads\/2022\/03\/IMG_9594-1024x683.jpg 1024w, https:\/\/bygdeforeningen.vidsel.se\/wp-content\/uploads\/2022\/03\/IMG_9594-300x200.jpg 300w, https:\/\/bygdeforeningen.vidsel.se\/wp-content\/uploads\/2022\/03\/IMG_9594-768x512.jpg 768w, https:\/\/bygdeforeningen.vidsel.se\/wp-content\/uploads\/2022\/03\/IMG_9594-1536x1024.jpg 1536w, https:\/\/bygdeforeningen.vidsel.se\/wp-content\/uploads\/2022\/03\/IMG_9594-2048x1365.jpg 2048w\" sizes=\"auto, (max-width: 1024px) 100vw, 1024px\" \/>\t\t\t\t\t\t\t\t<\/a>\n\t\t\t\t\t\t\t\t\t\t\t\t\t\t\t<\/div>\n\t\t\t\t<\/div>\n\t\t\t\t<div class=\"elementor-element elementor-element-04be7f2 gallery-spacing-custom elementor-widget elementor-widget-image-gallery\" data-id=\"04be7f2\" data-element_type=\"widget\" data-widget_type=\"image-gallery.default\">\n\t\t\t\t<div class=\"elementor-widget-container\">\n\t\t\t\t\t<div class=\"elementor-image-gallery\">\n\t\t\t<div id='gallery-1' class='gallery galleryid-617 gallery-columns-2 gallery-size-large'><figure class='gallery-item'>\n\t\t\t<div class='gallery-icon landscape'>\n\t\t\t\t<a data-elementor-open-lightbox=\"yes\" data-elementor-lightbox-slideshow=\"04be7f2\" data-elementor-lightbox-title=\"Konferensrum\" href='https:\/\/bygdeforeningen.vidsel.se\/wp-content\/uploads\/2021\/11\/IMG_9329-scaled-e1638132148486.jpg'><img loading=\"lazy\" decoding=\"async\" width=\"1024\" height=\"681\" src=\"https:\/\/bygdeforeningen.vidsel.se\/wp-content\/uploads\/2021\/11\/IMG_9329-scaled-e1638132148486-1024x681.jpg\" class=\"attachment-large size-large\" alt=\"\" srcset=\"https:\/\/bygdeforeningen.vidsel.se\/wp-content\/uploads\/2021\/11\/IMG_9329-scaled-e1638132148486-1024x681.jpg 1024w, https:\/\/bygdeforeningen.vidsel.se\/wp-content\/uploads\/2021\/11\/IMG_9329-scaled-e1638132148486-300x199.jpg 300w, https:\/\/bygdeforeningen.vidsel.se\/wp-content\/uploads\/2021\/11\/IMG_9329-scaled-e1638132148486-768x511.jpg 768w, https:\/\/bygdeforeningen.vidsel.se\/wp-content\/uploads\/2021\/11\/IMG_9329-scaled-e1638132148486-1536x1021.jpg 1536w, https:\/\/bygdeforeningen.vidsel.se\/wp-content\/uploads\/2021\/11\/IMG_9329-scaled-e1638132148486-2048x1362.jpg 2048w\" sizes=\"auto, (max-width: 1024px) 100vw, 1024px\" \/><\/a>\n\t\t\t<\/div><\/figure><figure class='gallery-item'>\n\t\t\t<div class='gallery-icon landscape'>\n\t\t\t\t<a data-elementor-open-lightbox=\"yes\" data-elementor-lightbox-slideshow=\"04be7f2\" data-elementor-lightbox-title=\"K\u00f6ksb\u00e4nk med kaffemaskin\" href='https:\/\/bygdeforeningen.vidsel.se\/wp-content\/uploads\/2022\/03\/IMG_9505-scaled-e1647872872936.jpg'><img loading=\"lazy\" decoding=\"async\" width=\"1024\" height=\"683\" src=\"https:\/\/bygdeforeningen.vidsel.se\/wp-content\/uploads\/2022\/03\/IMG_9505-scaled-e1647872872936-1024x683.jpg\" class=\"attachment-large size-large\" alt=\"\" srcset=\"https:\/\/bygdeforeningen.vidsel.se\/wp-content\/uploads\/2022\/03\/IMG_9505-scaled-e1647872872936-1024x683.jpg 1024w, https:\/\/bygdeforeningen.vidsel.se\/wp-content\/uploads\/2022\/03\/IMG_9505-scaled-e1647872872936-300x200.jpg 300w, https:\/\/bygdeforeningen.vidsel.se\/wp-content\/uploads\/2022\/03\/IMG_9505-scaled-e1647872872936-768x512.jpg 768w, https:\/\/bygdeforeningen.vidsel.se\/wp-content\/uploads\/2022\/03\/IMG_9505-scaled-e1647872872936-1536x1025.jpg 1536w, https:\/\/bygdeforeningen.vidsel.se\/wp-content\/uploads\/2022\/03\/IMG_9505-scaled-e1647872872936-2048x1367.jpg 2048w\" sizes=\"auto, (max-width: 1024px) 100vw, 1024px\" \/><\/a>\n\t\t\t<\/div><\/figure>\n\t\t<\/div>\n\t\t<\/div>\n\t\t\t\t<\/div>\n\t\t\t\t<\/div>\n\t\t\t\t\t<\/div>\n\t\t<\/div>\n\t\t\t\t\t\t\t<\/div>\n\t\t<\/section>\n\t\t\t\t<section class=\"elementor-section elementor-top-section elementor-element elementor-element-fd9c581 elementor-section-boxed elementor-section-height-default elementor-section-height-default\" data-id=\"fd9c581\" data-element_type=\"section\">\n\t\t\t\t\t\t<div class=\"elementor-container elementor-column-gap-default\">\n\t\t\t\t\t<div class=\"elementor-column elementor-col-100 elementor-top-column elementor-element elementor-element-0ed5c12\" data-id=\"0ed5c12\" data-element_type=\"column\">\n\t\t\t<div class=\"elementor-widget-wrap elementor-element-populated\">\n\t\t\t\t\t\t\t\t<div class=\"elementor-element elementor-element-6115272 elementor-widget elementor-widget-heading\" data-id=\"6115272\" data-element_type=\"widget\" data-widget_type=\"heading.default\">\n\t\t\t\t<div class=\"elementor-widget-container\">\n\t\t\t<h2 class=\"elementor-heading-title elementor-size-large\">Priser och bokning<\/h2>\t\t<\/div>\n\t\t\t\t<\/div>\n\t\t\t\t\t<\/div>\n\t\t<\/div>\n\t\t\t\t\t\t\t<\/div>\n\t\t<\/section>\n\t\t\t\t<section class=\"elementor-section elementor-top-section elementor-element elementor-element-21527a64 elementor-section-boxed elementor-section-height-default elementor-section-height-default\" data-id=\"21527a64\" data-element_type=\"section\">\n\t\t\t\t\t\t<div class=\"elementor-container elementor-column-gap-default\">\n\t\t\t\t\t<div class=\"elementor-column elementor-col-50 elementor-top-column elementor-element elementor-element-4e65ab7\" data-id=\"4e65ab7\" data-element_type=\"column\">\n\t\t\t<div class=\"elementor-widget-wrap elementor-element-populated\">\n\t\t\t\t\t\t\t\t<div class=\"elementor-element elementor-element-aca009d elementor-widget elementor-widget-text-editor\" data-id=\"aca009d\" data-element_type=\"widget\" data-widget_type=\"text-editor.default\">\n\t\t\t\t<div class=\"elementor-widget-container\">\n\t\t\t\t\t\t\t<p><span style=\"color: #000000;\">2 timmar 500 kr, pris f\u00f6r medlemmar 300 kr<\/span><br \/><span style=\"color: #000000;\">4 timmar 1000 kr, pris f\u00f6r medlemmar 600 kr<\/span><br \/><span style=\"color: #000000;\">8 timmar 1500 kr, pris f\u00f6r medlemmar 1000 kr<\/span><\/p><p><span style=\"color: #000000;\">Det finns ocks\u00e5 m\u00f6jlighet att k\u00f6pa fika eller sm\u00f6rg\u00e5s.<\/span><\/p>\t\t\t\t\t\t<\/div>\n\t\t\t\t<\/div>\n\t\t\t\t<div class=\"elementor-element elementor-element-35683afc elementor-widget elementor-widget-text-editor\" data-id=\"35683afc\" data-element_type=\"widget\" data-widget_type=\"text-editor.default\">\n\t\t\t\t<div class=\"elementor-widget-container\">\n\t\t\t\t\t\t\t<div class=\"elementor-element elementor-element-76e5adcc elementor-widget elementor-widget-text-editor\" data-id=\"76e5adcc\" data-element_type=\"widget\" data-widget_type=\"text-editor.default\">\n<div class=\"elementor-widget-container\">\n<h5><strong>F\u00f6r bokning<\/strong> <b>kontakta Eina via telefon <strong>070-308 53 76<\/strong><\/b><\/h5>\n<\/div>\n<\/div>\t\t\t\t\t\t<\/div>\n\t\t\t\t<\/div>\n\t\t\t\t<div class=\"elementor-element elementor-element-6f9274ad elementor-widget elementor-widget-spacer\" data-id=\"6f9274ad\" data-element_type=\"widget\" data-widget_type=\"spacer.default\">\n\t\t\t\t<div class=\"elementor-widget-container\">\n\t\t\t\t\t<div class=\"elementor-spacer\">\n\t\t\t<div class=\"elementor-spacer-inner\"><\/div>\n\t\t<\/div>\n\t\t\t\t<\/div>\n\t\t\t\t<\/div>\n\t\t\t\t\t<\/div>\n\t\t<\/div>\n\t\t\t\t<div class=\"elementor-column elementor-col-50 elementor-top-column elementor-element elementor-element-d67f2f7\" data-id=\"d67f2f7\" data-element_type=\"column\">\n\t\t\t<div class=\"elementor-widget-wrap\">\n\t\t\t\t\t\t\t\t\t<\/div>\n\t\t<\/div>\n\t\t\t\t\t\t\t<\/div>\n\t\t<\/section>\n\t\t\t\t<section class=\"elementor-section elementor-top-section elementor-element elementor-element-46440354 elementor-section-boxed elementor-section-height-default elementor-section-height-default\" data-id=\"46440354\" data-element_type=\"section\">\n\t\t\t\t\t\t<div class=\"elementor-container elementor-column-gap-default\">\n\t\t\t\t\t<div class=\"elementor-column elementor-col-100 elementor-top-column elementor-element elementor-element-5a3ab64d\" data-id=\"5a3ab64d\" data-element_type=\"column\">\n\t\t\t<div class=\"elementor-widget-wrap elementor-element-populated\">\n\t\t\t\t\t\t\t\t<div class=\"elementor-element elementor-element-7d37bf28 elementor-widget elementor-widget-heading\" data-id=\"7d37bf28\" data-element_type=\"widget\" data-widget_type=\"heading.default\">\n\t\t\t\t<div class=\"elementor-widget-container\">\n\t\t\t<h2 class=\"elementor-heading-title elementor-size-large\">\u00f6vrig info<\/h2>\t\t<\/div>\n\t\t\t\t<\/div>\n\t\t\t\t<div class=\"elementor-element elementor-element-30a613e elementor-widget elementor-widget-text-editor\" data-id=\"30a613e\" data-element_type=\"widget\" data-widget_type=\"text-editor.default\">\n\t\t\t\t<div class=\"elementor-widget-container\">\n\t\t\t\t\t\t\t<p>Vid speciella \u00f6nskem\u00e5l av utrustning eller liknade tveka inte att h\u00f6ra av er.<\/p><p>F\u00f6r att l\u00e4sa hyresvillkor <strong><span style=\"color: #79a8a4;\"><a style=\"color: #79a8a4;\" href=\"https:\/\/bygdeforeningen.vidsel.se\/index.php\/hyresvillkor\/\">KLICKA H\u00c4R<\/a><\/span><\/strong><\/p>\t\t\t\t\t\t<\/div>\n\t\t\t\t<\/div>\n\t\t\t\t<div class=\"elementor-element elementor-element-b77eeb2 elementor-widget elementor-widget-spacer\" data-id=\"b77eeb2\" data-element_type=\"widget\" data-widget_type=\"spacer.default\">\n\t\t\t\t<div class=\"elementor-widget-container\">\n\t\t\t\t\t<div class=\"elementor-spacer\">\n\t\t\t<div class=\"elementor-spacer-inner\"><\/div>\n\t\t<\/div>\n\t\t\t\t<\/div>\n\t\t\t\t<\/div>\n\t\t\t\t\t<\/div>\n\t\t<\/div>\n\t\t\t\t\t\t\t<\/div>\n\t\t<\/section>\n\t\t\t\t\t\t<\/div>\n\t\t\t\t\t<\/div>\n\t\t","protected":false},"excerpt":{"rendered":"<p>konferens konferensrum Aktivitetshusets konferensrum \u00e4r 65.5 m2 stort. Lokalen m\u00f6ter alla typer av konferenser, \u00e4ven uppkopplade via v\u00e5rt lokala n\u00e4tverk, typ Teams.Rummet \u00e4r utrustat med White board, projektorduk och projektor med ljudanl\u00e4ggning, som med f\u00f6rdel kan anv\u00e4ndas vid h\u00f6guppl\u00f6sta presentationer och videouppspelningar. Vi har en mycket bra belysning som g\u00e5r att tona ner f\u00f6r b\u00e4sta &hellip;<\/p>\n<p class=\"read-more\"> <a class=\"\" href=\"https:\/\/bygdeforeningen.vidsel.se\/index.php\/konferans\/\"> <span class=\"screen-reader-text\">Konferens<\/span> L\u00e4s mer &raquo;<\/a><\/p>\n","protected":false},"author":3,"featured_media":0,"parent":0,"menu_order":0,"comment_status":"closed","ping_status":"closed","template":"","meta":{"site-sidebar-layout":"no-sidebar","site-content-layout":"page-builder","ast-main-header-display":"","ast-hfb-above-header-display":"","ast-hfb-mobile-header-display":"","site-post-title":"disabled","ast-breadcrumbs-content":"","ast-featured-img":"disabled","footer-sml-layout":"","theme-transparent-header-meta":"","adv-header-id-meta":"","stick-header-meta":"","header-above-stick-meta":"","header-main-stick-meta":"","header-below-stick-meta":"","footnotes":""},"class_list":["post-617","page","type-page","status-publish","hentry"],"_links":{"self":[{"href":"https:\/\/bygdeforeningen.vidsel.se\/index.php\/wp-json\/wp\/v2\/pages\/617","targetHints":{"allow":["GET"]}}],"collection":[{"href":"https:\/\/bygdeforeningen.vidsel.se\/index.php\/wp-json\/wp\/v2\/pages"}],"about":[{"href":"https:\/\/bygdeforeningen.vidsel.se\/index.php\/wp-json\/wp\/v2\/types\/page"}],"author":[{"embeddable":true,"href":"https:\/\/bygdeforeningen.vidsel.se\/index.php\/wp-json\/wp\/v2\/users\/3"}],"replies":[{"embeddable":true,"href":"https:\/\/bygdeforeningen.vidsel.se\/index.php\/wp-json\/wp\/v2\/comments?post=617"}],"version-history":[{"count":59,"href":"https:\/\/bygdeforeningen.vidsel.se\/index.php\/wp-json\/wp\/v2\/pages\/617\/revisions"}],"predecessor-version":[{"id":2049,"href":"https:\/\/bygdeforeningen.vidsel.se\/index.php\/wp-json\/wp\/v2\/pages\/617\/revisions\/2049"}],"wp:attachment":[{"href":"https:\/\/bygdeforeningen.vidsel.se\/index.php\/wp-json\/wp\/v2\/media?parent=617"}],"curies":[{"name":"wp","href":"https:\/\/api.w.org\/{rel}","templated":true}]}}