{"id":613,"date":"2021-11-01T09:48:45","date_gmt":"2021-11-01T08:48:45","guid":{"rendered":"https:\/\/bygdeforeningen.vidsel.se\/?page_id=613"},"modified":"2024-04-09T11:34:25","modified_gmt":"2024-04-09T09:34:25","slug":"cafeteria","status":"publish","type":"page","link":"https:\/\/bygdeforeningen.vidsel.se\/index.php\/cafeteria\/","title":{"rendered":"Cafeteria"},"content":{"rendered":"\t\t<div data-elementor-type=\"wp-page\" data-elementor-id=\"613\" class=\"elementor elementor-613\" data-elementor-settings=\"[]\">\n\t\t\t\t\t\t\t<div class=\"elementor-section-wrap\">\n\t\t\t\t\t\t\t<section class=\"elementor-section elementor-top-section elementor-element elementor-element-6ad84d9a elementor-section-height-min-height elementor-section-content-middle elementor-section-boxed elementor-section-height-default elementor-section-items-middle\" data-id=\"6ad84d9a\" data-element_type=\"section\" data-settings=\"{&quot;background_background&quot;:&quot;classic&quot;}\">\n\t\t\t\t\t\t\t<div class=\"elementor-background-overlay\"><\/div>\n\t\t\t\t\t\t\t<div class=\"elementor-container elementor-column-gap-no\">\n\t\t\t\t\t<div class=\"elementor-column elementor-col-100 elementor-top-column elementor-element elementor-element-52d6ab28\" data-id=\"52d6ab28\" data-element_type=\"column\">\n\t\t\t<div class=\"elementor-widget-wrap elementor-element-populated\">\n\t\t\t\t\t\t\t\t<div class=\"elementor-element elementor-element-691e26e5 elementor-widget elementor-widget-heading\" data-id=\"691e26e5\" data-element_type=\"widget\" data-widget_type=\"heading.default\">\n\t\t\t\t<div class=\"elementor-widget-container\">\n\t\t\t<h2 class=\"elementor-heading-title elementor-size-default\">cafeteria<\/h2>\t\t<\/div>\n\t\t\t\t<\/div>\n\t\t\t\t\t<\/div>\n\t\t<\/div>\n\t\t\t\t\t\t\t<\/div>\n\t\t<\/section>\n\t\t\t\t<section class=\"elementor-section elementor-top-section elementor-element elementor-element-5826b98 elementor-section-boxed elementor-section-height-default elementor-section-height-default\" data-id=\"5826b98\" data-element_type=\"section\">\n\t\t\t\t\t\t<div class=\"elementor-container elementor-column-gap-default\">\n\t\t\t\t\t<div class=\"elementor-column elementor-col-100 elementor-top-column elementor-element elementor-element-886cc8d\" data-id=\"886cc8d\" data-element_type=\"column\">\n\t\t\t<div class=\"elementor-widget-wrap elementor-element-populated\">\n\t\t\t\t\t\t\t\t<div class=\"elementor-element elementor-element-c98bd79 elementor-widget elementor-widget-spacer\" data-id=\"c98bd79\" data-element_type=\"widget\" data-widget_type=\"spacer.default\">\n\t\t\t\t<div class=\"elementor-widget-container\">\n\t\t\t\t\t<div class=\"elementor-spacer\">\n\t\t\t<div class=\"elementor-spacer-inner\"><\/div>\n\t\t<\/div>\n\t\t\t\t<\/div>\n\t\t\t\t<\/div>\n\t\t\t\t<div class=\"elementor-element elementor-element-ec66b84 elementor-widget elementor-widget-heading\" data-id=\"ec66b84\" data-element_type=\"widget\" data-widget_type=\"heading.default\">\n\t\t\t\t<div class=\"elementor-widget-container\">\n\t\t\t<h2 class=\"elementor-heading-title elementor-size-default\">cafeteria<\/h2>\t\t<\/div>\n\t\t\t\t<\/div>\n\t\t\t\t\t<\/div>\n\t\t<\/div>\n\t\t\t\t\t\t\t<\/div>\n\t\t<\/section>\n\t\t\t\t<section class=\"elementor-section elementor-top-section elementor-element elementor-element-016357a elementor-section-boxed elementor-section-height-default elementor-section-height-default\" data-id=\"016357a\" data-element_type=\"section\">\n\t\t\t\t\t\t<div class=\"elementor-container elementor-column-gap-default\">\n\t\t\t\t\t<div class=\"elementor-column elementor-col-50 elementor-top-column elementor-element elementor-element-f2071bf\" data-id=\"f2071bf\" data-element_type=\"column\">\n\t\t\t<div class=\"elementor-widget-wrap elementor-element-populated\">\n\t\t\t\t\t\t\t\t<div class=\"elementor-element elementor-element-6d71b85 elementor-widget elementor-widget-text-editor\" data-id=\"6d71b85\" data-element_type=\"widget\" data-widget_type=\"text-editor.default\">\n\t\t\t\t<div class=\"elementor-widget-container\">\n\t\t\t\t\t\t\t<p>Cafeterian \u00e4r l\u00e4mplig f\u00f6r mindre sammankomster, h\u00e4r finns plats f\u00f6r upp till 25 personer.<br \/>En passande lokal f\u00f6r till exempel m\u00f6ten, studiecirklar eller bara fika och umg\u00e5s. I lokalen kan ni \u00e4ven tr\u00e4ffas f\u00f6r att ut\u00f6va ett gemensamt intresse som stickning eller m\u00e5lning mm.<\/p><p>I hyran ing\u00e5r ocks\u00e5 det intilliggande k\u00f6ket.<\/p>\t\t\t\t\t\t<\/div>\n\t\t\t\t<\/div>\n\t\t\t\t<section class=\"elementor-section elementor-inner-section elementor-element elementor-element-1bacdf7 elementor-section-boxed elementor-section-height-default elementor-section-height-default\" data-id=\"1bacdf7\" data-element_type=\"section\">\n\t\t\t\t\t\t<div class=\"elementor-container elementor-column-gap-default\">\n\t\t\t\t\t<div class=\"elementor-column elementor-col-100 elementor-inner-column elementor-element elementor-element-8ab18cb\" data-id=\"8ab18cb\" data-element_type=\"column\">\n\t\t\t<div class=\"elementor-widget-wrap elementor-element-populated\">\n\t\t\t\t\t\t\t\t<div class=\"elementor-element elementor-element-7b8c3e1 elementor-widget elementor-widget-text-editor\" data-id=\"7b8c3e1\" data-element_type=\"widget\" data-widget_type=\"text-editor.default\">\n\t\t\t\t<div class=\"elementor-widget-container\">\n\t\t\t\t\t\t\t<section class=\"elementor-section elementor-inner-section elementor-element elementor-element-6ffde616 elementor-section-boxed elementor-section-height-default elementor-section-height-default\" data-id=\"6ffde616\" data-element_type=\"section\"><div class=\"elementor-container elementor-column-gap-default\"><div class=\"elementor-column elementor-col-100 elementor-inner-column elementor-element elementor-element-3c57aec9\" data-id=\"3c57aec9\" data-element_type=\"column\"><div class=\"elementor-widget-wrap elementor-element-populated\"><div class=\"elementor-element elementor-element-4c1c36bc elementor-widget elementor-widget-text-editor\" data-id=\"4c1c36bc\" data-element_type=\"widget\" data-widget_type=\"text-editor.default\"><div class=\"elementor-widget-container\"><ul><li>Plats f\u00f6r ca 25 personer<\/li><li>Tillg\u00e5ng till WIFI<\/li><li>Projektor och filmduk<\/li><li>Bord och stolar<\/li><\/ul><\/div><\/div><\/div><\/div><\/div><\/section>\t\t\t\t\t\t<\/div>\n\t\t\t\t<\/div>\n\t\t\t\t\t<\/div>\n\t\t<\/div>\n\t\t\t\t\t\t\t<\/div>\n\t\t<\/section>\n\t\t\t\t<div class=\"elementor-element elementor-element-6455ec5 elementor-widget elementor-widget-spacer\" data-id=\"6455ec5\" data-element_type=\"widget\" data-widget_type=\"spacer.default\">\n\t\t\t\t<div class=\"elementor-widget-container\">\n\t\t\t\t\t<div class=\"elementor-spacer\">\n\t\t\t<div class=\"elementor-spacer-inner\"><\/div>\n\t\t<\/div>\n\t\t\t\t<\/div>\n\t\t\t\t<\/div>\n\t\t\t\t\t<\/div>\n\t\t<\/div>\n\t\t\t\t<div class=\"elementor-column elementor-col-50 elementor-top-column elementor-element elementor-element-3f140e6\" data-id=\"3f140e6\" data-element_type=\"column\">\n\t\t\t<div class=\"elementor-widget-wrap elementor-element-populated\">\n\t\t\t\t\t\t\t\t<div class=\"elementor-element elementor-element-5b14b71 elementor-widget elementor-widget-image\" data-id=\"5b14b71\" data-element_type=\"widget\" data-widget_type=\"image.default\">\n\t\t\t\t<div class=\"elementor-widget-container\">\n\t\t\t\t\t\t\t\t\t\t\t\t\t\t\t\t<a href=\"https:\/\/bygdeforeningen.vidsel.se\/wp-content\/uploads\/2021\/12\/Resized_20211210_102520001_3947.jpg\" data-elementor-open-lightbox=\"yes\" data-elementor-lightbox-title=\"Cafeteria\">\n\t\t\t\t\t\t\t<img loading=\"lazy\" decoding=\"async\" width=\"960\" height=\"720\" src=\"https:\/\/bygdeforeningen.vidsel.se\/wp-content\/uploads\/2021\/12\/Resized_20211210_102520001_3947.jpg\" class=\"attachment-large size-large\" alt=\"\" srcset=\"https:\/\/bygdeforeningen.vidsel.se\/wp-content\/uploads\/2021\/12\/Resized_20211210_102520001_3947.jpg 960w, https:\/\/bygdeforeningen.vidsel.se\/wp-content\/uploads\/2021\/12\/Resized_20211210_102520001_3947-300x225.jpg 300w, https:\/\/bygdeforeningen.vidsel.se\/wp-content\/uploads\/2021\/12\/Resized_20211210_102520001_3947-768x576.jpg 768w\" sizes=\"auto, (max-width: 960px) 100vw, 960px\" \/>\t\t\t\t\t\t\t\t<\/a>\n\t\t\t\t\t\t\t\t\t\t\t\t\t\t\t<\/div>\n\t\t\t\t<\/div>\n\t\t\t\t\t<\/div>\n\t\t<\/div>\n\t\t\t\t\t\t\t<\/div>\n\t\t<\/section>\n\t\t\t\t<section class=\"elementor-section elementor-top-section elementor-element elementor-element-3283441 elementor-section-boxed elementor-section-height-default elementor-section-height-default\" data-id=\"3283441\" data-element_type=\"section\">\n\t\t\t\t\t\t<div class=\"elementor-container elementor-column-gap-default\">\n\t\t\t\t\t<div class=\"elementor-column elementor-col-50 elementor-top-column elementor-element elementor-element-0724a95\" data-id=\"0724a95\" data-element_type=\"column\">\n\t\t\t<div class=\"elementor-widget-wrap elementor-element-populated\">\n\t\t\t\t\t\t\t\t<div class=\"elementor-element elementor-element-e193522 elementor-widget elementor-widget-heading\" data-id=\"e193522\" data-element_type=\"widget\" data-widget_type=\"heading.default\">\n\t\t\t\t<div class=\"elementor-widget-container\">\n\t\t\t<h2 class=\"elementor-heading-title elementor-size-large\">priser och bokning<\/h2>\t\t<\/div>\n\t\t\t\t<\/div>\n\t\t\t\t<div class=\"elementor-element elementor-element-3163fb8 elementor-widget elementor-widget-text-editor\" data-id=\"3163fb8\" data-element_type=\"widget\" data-widget_type=\"text-editor.default\">\n\t\t\t\t<div class=\"elementor-widget-container\">\n\t\t\t\t\t\t\t<div class=\"elementor-element elementor-element-76e5adcc elementor-widget elementor-widget-text-editor\" data-id=\"76e5adcc\" data-element_type=\"widget\" data-widget_type=\"text-editor.default\"><div class=\"elementor-widget-container\"><p>Att hyra cafeterian inkl. k\u00f6ket kostar 300 kr\/kv\u00e4ll<br \/>Pris f\u00f6r Bygdef\u00f6reningens medlemmar \u00e4r 200 kr\/kv\u00e4ll<\/p><p><strong>F\u00f6r bokning kontakta Eina via telefon 070-308 53 76\u00a0<\/strong><\/p><\/div><\/div>\t\t\t\t\t\t<\/div>\n\t\t\t\t<\/div>\n\t\t\t\t\t<\/div>\n\t\t<\/div>\n\t\t\t\t<div class=\"elementor-column elementor-col-50 elementor-top-column elementor-element elementor-element-f612ce7\" data-id=\"f612ce7\" data-element_type=\"column\">\n\t\t\t<div class=\"elementor-widget-wrap elementor-element-populated\">\n\t\t\t\t\t\t\t\t<div class=\"elementor-element elementor-element-120c657 gallery-spacing-custom elementor-widget elementor-widget-image-gallery\" data-id=\"120c657\" data-element_type=\"widget\" data-widget_type=\"image-gallery.default\">\n\t\t\t\t<div class=\"elementor-widget-container\">\n\t\t\t\t\t<div class=\"elementor-image-gallery\">\n\t\t\t<div id='gallery-1' class='gallery galleryid-613 gallery-columns-2 gallery-size-medium'><figure class='gallery-item'>\n\t\t\t<div class='gallery-icon landscape'>\n\t\t\t\t<a data-elementor-open-lightbox=\"yes\" data-elementor-lightbox-slideshow=\"120c657\" data-elementor-lightbox-title=\"Cafeteria\" href='https:\/\/bygdeforeningen.vidsel.se\/wp-content\/uploads\/2021\/12\/Resized_20211210_102345001_5307.jpg'><img loading=\"lazy\" decoding=\"async\" width=\"300\" height=\"225\" src=\"https:\/\/bygdeforeningen.vidsel.se\/wp-content\/uploads\/2021\/12\/Resized_20211210_102345001_5307-300x225.jpg\" class=\"attachment-medium size-medium\" alt=\"\" srcset=\"https:\/\/bygdeforeningen.vidsel.se\/wp-content\/uploads\/2021\/12\/Resized_20211210_102345001_5307-300x225.jpg 300w, https:\/\/bygdeforeningen.vidsel.se\/wp-content\/uploads\/2021\/12\/Resized_20211210_102345001_5307-768x576.jpg 768w, https:\/\/bygdeforeningen.vidsel.se\/wp-content\/uploads\/2021\/12\/Resized_20211210_102345001_5307.jpg 960w\" sizes=\"auto, (max-width: 300px) 100vw, 300px\" \/><\/a>\n\t\t\t<\/div><\/figure><figure class='gallery-item'>\n\t\t\t<div class='gallery-icon landscape'>\n\t\t\t\t<a data-elementor-open-lightbox=\"yes\" data-elementor-lightbox-slideshow=\"120c657\" data-elementor-lightbox-title=\"Avlastningsb\u00e4nk i cafeteria\" href='https:\/\/bygdeforeningen.vidsel.se\/wp-content\/uploads\/2021\/12\/Resized_20211210_164557001_8984-e1639485130394.jpg'><img loading=\"lazy\" decoding=\"async\" width=\"300\" height=\"224\" src=\"https:\/\/bygdeforeningen.vidsel.se\/wp-content\/uploads\/2021\/12\/Resized_20211210_164557001_8984-e1639485130394-300x224.jpg\" class=\"attachment-medium size-medium\" alt=\"\" srcset=\"https:\/\/bygdeforeningen.vidsel.se\/wp-content\/uploads\/2021\/12\/Resized_20211210_164557001_8984-e1639485130394-300x224.jpg 300w, https:\/\/bygdeforeningen.vidsel.se\/wp-content\/uploads\/2021\/12\/Resized_20211210_164557001_8984-e1639485130394-768x574.jpg 768w, https:\/\/bygdeforeningen.vidsel.se\/wp-content\/uploads\/2021\/12\/Resized_20211210_164557001_8984-e1639485130394.jpg 836w\" sizes=\"auto, (max-width: 300px) 100vw, 300px\" \/><\/a>\n\t\t\t<\/div><\/figure>\n\t\t<\/div>\n\t\t<\/div>\n\t\t\t\t<\/div>\n\t\t\t\t<\/div>\n\t\t\t\t\t<\/div>\n\t\t<\/div>\n\t\t\t\t\t\t\t<\/div>\n\t\t<\/section>\n\t\t\t\t<section class=\"elementor-section elementor-top-section elementor-element elementor-element-796ead5 elementor-section-boxed elementor-section-height-default elementor-section-height-default\" data-id=\"796ead5\" data-element_type=\"section\">\n\t\t\t\t\t\t<div class=\"elementor-container elementor-column-gap-default\">\n\t\t\t\t\t<div class=\"elementor-column elementor-col-100 elementor-top-column elementor-element elementor-element-bda5094\" data-id=\"bda5094\" data-element_type=\"column\">\n\t\t\t<div class=\"elementor-widget-wrap elementor-element-populated\">\n\t\t\t\t\t\t\t\t<div class=\"elementor-element elementor-element-da5587c elementor-widget elementor-widget-heading\" data-id=\"da5587c\" data-element_type=\"widget\" data-widget_type=\"heading.default\">\n\t\t\t\t<div class=\"elementor-widget-container\">\n\t\t\t<h2 class=\"elementor-heading-title elementor-size-large\">\u00f6vrig info<\/h2>\t\t<\/div>\n\t\t\t\t<\/div>\n\t\t\t\t<div class=\"elementor-element elementor-element-930f4b4 elementor-widget elementor-widget-text-editor\" data-id=\"930f4b4\" data-element_type=\"widget\" data-widget_type=\"text-editor.default\">\n\t\t\t\t<div class=\"elementor-widget-container\">\n\t\t\t\t\t\t\t<p>Vid speciella \u00f6nskem\u00e5l av utrustning eller liknade tveka inte att h\u00f6ra av er.<\/p><p>F\u00f6r att l\u00e4sa hyresvillkor <strong><span style=\"color: #79a8a4;\"><a style=\"color: #79a8a4;\" href=\"https:\/\/bygdeforeningen.vidsel.se\/index.php\/hyresvillkor\/\">KLICKA H\u00c4R<\/a><\/span><\/strong><\/p>\t\t\t\t\t\t<\/div>\n\t\t\t\t<\/div>\n\t\t\t\t<div class=\"elementor-element elementor-element-278dc15 elementor-widget elementor-widget-spacer\" data-id=\"278dc15\" data-element_type=\"widget\" data-widget_type=\"spacer.default\">\n\t\t\t\t<div class=\"elementor-widget-container\">\n\t\t\t\t\t<div class=\"elementor-spacer\">\n\t\t\t<div class=\"elementor-spacer-inner\"><\/div>\n\t\t<\/div>\n\t\t\t\t<\/div>\n\t\t\t\t<\/div>\n\t\t\t\t\t<\/div>\n\t\t<\/div>\n\t\t\t\t\t\t\t<\/div>\n\t\t<\/section>\n\t\t\t\t\t\t<\/div>\n\t\t\t\t\t<\/div>\n\t\t","protected":false},"excerpt":{"rendered":"<p>cafeteria cafeteria Cafeterian \u00e4r l\u00e4mplig f\u00f6r mindre sammankomster, h\u00e4r finns plats f\u00f6r upp till 25 personer.En passande lokal f\u00f6r till exempel m\u00f6ten, studiecirklar eller bara fika och umg\u00e5s. I lokalen kan ni \u00e4ven tr\u00e4ffas f\u00f6r att ut\u00f6va ett gemensamt intresse som stickning eller m\u00e5lning mm. I hyran ing\u00e5r ocks\u00e5 det intilliggande k\u00f6ket. Plats f\u00f6r ca &hellip;<\/p>\n<p class=\"read-more\"> <a class=\"\" href=\"https:\/\/bygdeforeningen.vidsel.se\/index.php\/cafeteria\/\"> <span class=\"screen-reader-text\">Cafeteria<\/span> L\u00e4s mer &raquo;<\/a><\/p>\n","protected":false},"author":3,"featured_media":0,"parent":0,"menu_order":0,"comment_status":"closed","ping_status":"closed","template":"","meta":{"site-sidebar-layout":"no-sidebar","site-content-layout":"page-builder","ast-main-header-display":"","ast-hfb-above-header-display":"","ast-hfb-mobile-header-display":"","site-post-title":"disabled","ast-breadcrumbs-content":"","ast-featured-img":"disabled","footer-sml-layout":"","theme-transparent-header-meta":"","adv-header-id-meta":"","stick-header-meta":"","header-above-stick-meta":"","header-main-stick-meta":"","header-below-stick-meta":"","footnotes":""},"class_list":["post-613","page","type-page","status-publish","hentry"],"_links":{"self":[{"href":"https:\/\/bygdeforeningen.vidsel.se\/index.php\/wp-json\/wp\/v2\/pages\/613","targetHints":{"allow":["GET"]}}],"collection":[{"href":"https:\/\/bygdeforeningen.vidsel.se\/index.php\/wp-json\/wp\/v2\/pages"}],"about":[{"href":"https:\/\/bygdeforeningen.vidsel.se\/index.php\/wp-json\/wp\/v2\/types\/page"}],"author":[{"embeddable":true,"href":"https:\/\/bygdeforeningen.vidsel.se\/index.php\/wp-json\/wp\/v2\/users\/3"}],"replies":[{"embeddable":true,"href":"https:\/\/bygdeforeningen.vidsel.se\/index.php\/wp-json\/wp\/v2\/comments?post=613"}],"version-history":[{"count":79,"href":"https:\/\/bygdeforeningen.vidsel.se\/index.php\/wp-json\/wp\/v2\/pages\/613\/revisions"}],"predecessor-version":[{"id":2055,"href":"https:\/\/bygdeforeningen.vidsel.se\/index.php\/wp-json\/wp\/v2\/pages\/613\/revisions\/2055"}],"wp:attachment":[{"href":"https:\/\/bygdeforeningen.vidsel.se\/index.php\/wp-json\/wp\/v2\/media?parent=613"}],"curies":[{"name":"wp","href":"https:\/\/api.w.org\/{rel}","templated":true}]}}