{"id":611,"date":"2021-11-01T09:48:16","date_gmt":"2021-11-01T08:48:16","guid":{"rendered":"https:\/\/bygdeforeningen.vidsel.se\/?page_id=611"},"modified":"2024-04-09T11:35:18","modified_gmt":"2024-04-09T09:35:18","slug":"kok","status":"publish","type":"page","link":"https:\/\/bygdeforeningen.vidsel.se\/index.php\/kok\/","title":{"rendered":"K\u00f6k"},"content":{"rendered":"\t\t<div data-elementor-type=\"wp-page\" data-elementor-id=\"611\" class=\"elementor elementor-611\" data-elementor-settings=\"[]\">\n\t\t\t\t\t\t\t<div class=\"elementor-section-wrap\">\n\t\t\t\t\t\t\t<section class=\"elementor-section elementor-top-section elementor-element elementor-element-309579c6 elementor-section-height-min-height elementor-section-content-middle elementor-section-boxed elementor-section-height-default elementor-section-items-middle\" data-id=\"309579c6\" data-element_type=\"section\" data-settings=\"{&quot;background_background&quot;:&quot;classic&quot;}\">\n\t\t\t\t\t\t\t<div class=\"elementor-background-overlay\"><\/div>\n\t\t\t\t\t\t\t<div class=\"elementor-container elementor-column-gap-no\">\n\t\t\t\t\t<div class=\"elementor-column elementor-col-100 elementor-top-column elementor-element elementor-element-12ef079b\" data-id=\"12ef079b\" data-element_type=\"column\">\n\t\t\t<div class=\"elementor-widget-wrap elementor-element-populated\">\n\t\t\t\t\t\t\t\t<div class=\"elementor-element elementor-element-513f9b3f elementor-widget elementor-widget-heading\" data-id=\"513f9b3f\" data-element_type=\"widget\" data-widget_type=\"heading.default\">\n\t\t\t\t<div class=\"elementor-widget-container\">\n\t\t\t<h2 class=\"elementor-heading-title elementor-size-default\">k\u00f6k<\/h2>\t\t<\/div>\n\t\t\t\t<\/div>\n\t\t\t\t\t<\/div>\n\t\t<\/div>\n\t\t\t\t\t\t\t<\/div>\n\t\t<\/section>\n\t\t\t\t<section class=\"elementor-section elementor-top-section elementor-element elementor-element-1b6e8e70 elementor-section-boxed elementor-section-height-default elementor-section-height-default\" data-id=\"1b6e8e70\" data-element_type=\"section\">\n\t\t\t\t\t\t<div class=\"elementor-container elementor-column-gap-default\">\n\t\t\t\t\t<div class=\"elementor-column elementor-col-100 elementor-top-column elementor-element elementor-element-2b6386ce\" data-id=\"2b6386ce\" data-element_type=\"column\">\n\t\t\t<div class=\"elementor-widget-wrap elementor-element-populated\">\n\t\t\t\t\t\t\t\t<div class=\"elementor-element elementor-element-1d9f9ed9 elementor-widget elementor-widget-spacer\" data-id=\"1d9f9ed9\" data-element_type=\"widget\" data-widget_type=\"spacer.default\">\n\t\t\t\t<div class=\"elementor-widget-container\">\n\t\t\t\t\t<div class=\"elementor-spacer\">\n\t\t\t<div class=\"elementor-spacer-inner\"><\/div>\n\t\t<\/div>\n\t\t\t\t<\/div>\n\t\t\t\t<\/div>\n\t\t\t\t<div class=\"elementor-element elementor-element-29d022a6 elementor-widget elementor-widget-heading\" data-id=\"29d022a6\" data-element_type=\"widget\" data-widget_type=\"heading.default\">\n\t\t\t\t<div class=\"elementor-widget-container\">\n\t\t\t<h2 class=\"elementor-heading-title elementor-size-default\">k\u00f6k<\/h2>\t\t<\/div>\n\t\t\t\t<\/div>\n\t\t\t\t\t<\/div>\n\t\t<\/div>\n\t\t\t\t\t\t\t<\/div>\n\t\t<\/section>\n\t\t\t\t<section class=\"elementor-section elementor-top-section elementor-element elementor-element-7ac6d26a elementor-section-boxed elementor-section-height-default elementor-section-height-default\" data-id=\"7ac6d26a\" data-element_type=\"section\">\n\t\t\t\t\t\t<div class=\"elementor-container elementor-column-gap-default\">\n\t\t\t\t\t<div class=\"elementor-column elementor-col-50 elementor-top-column elementor-element elementor-element-712480bc\" data-id=\"712480bc\" data-element_type=\"column\">\n\t\t\t<div class=\"elementor-widget-wrap elementor-element-populated\">\n\t\t\t\t\t\t\t\t<div class=\"elementor-element elementor-element-7f2ee6a5 elementor-widget elementor-widget-text-editor\" data-id=\"7f2ee6a5\" data-element_type=\"widget\" data-widget_type=\"text-editor.default\">\n\t\t\t\t<div class=\"elementor-widget-container\">\n\t\t\t\t\t\t\t<p>K\u00f6ket \u00e4r utrustat med standardvitvaror och snabbg\u00e5ende restaurangdiskmaskin. En passande\u00a0plats att f\u00f6rbereda fika eller mat f\u00f6r arrangemang i \u00f6vriga lokaler.<\/p><p>Vid hyra av stora salen eller cafeterian ing\u00e5r k\u00f6ket.<\/p>\t\t\t\t\t\t<\/div>\n\t\t\t\t<\/div>\n\t\t\t\t<section class=\"elementor-section elementor-inner-section elementor-element elementor-element-27f6411c elementor-section-boxed elementor-section-height-default elementor-section-height-default\" data-id=\"27f6411c\" data-element_type=\"section\">\n\t\t\t\t\t\t<div class=\"elementor-container elementor-column-gap-default\">\n\t\t\t\t\t<div class=\"elementor-column elementor-col-100 elementor-inner-column elementor-element elementor-element-4fc4f0ce\" data-id=\"4fc4f0ce\" data-element_type=\"column\">\n\t\t\t<div class=\"elementor-widget-wrap elementor-element-populated\">\n\t\t\t\t\t\t\t\t<div class=\"elementor-element elementor-element-4429e47d elementor-widget elementor-widget-text-editor\" data-id=\"4429e47d\" data-element_type=\"widget\" data-widget_type=\"text-editor.default\">\n\t\t\t\t<div class=\"elementor-widget-container\">\n\t\t\t\t\t\t\t<ul><li>Kaffebryggare f\u00f6r tv\u00e5 kannor<\/li><li>Pumptermosar<\/li><li>Kastruller i varierande storlek, 1-15 liter<\/li><li>Mikrov\u00e5gsugn<\/li><li>V\u00e4rmesk\u00e5p &amp; varmh\u00e5llningsplatta<\/li><li>Tillg\u00e5ng till kyl och frys<\/li><li>Restaurangdiskmaskin<\/li><li>Porslin och glas, full utrustning f\u00f6r ca 100 personer<\/li><\/ul>\t\t\t\t\t\t<\/div>\n\t\t\t\t<\/div>\n\t\t\t\t\t<\/div>\n\t\t<\/div>\n\t\t\t\t\t\t\t<\/div>\n\t\t<\/section>\n\t\t\t\t\t<\/div>\n\t\t<\/div>\n\t\t\t\t<div class=\"elementor-column elementor-col-50 elementor-top-column elementor-element elementor-element-15ac0b4b\" data-id=\"15ac0b4b\" data-element_type=\"column\">\n\t\t\t<div class=\"elementor-widget-wrap elementor-element-populated\">\n\t\t\t\t\t\t\t\t<div class=\"elementor-element elementor-element-2f3649e elementor-widget elementor-widget-image\" data-id=\"2f3649e\" data-element_type=\"widget\" data-widget_type=\"image.default\">\n\t\t\t\t<div class=\"elementor-widget-container\">\n\t\t\t\t\t\t\t\t\t\t\t\t\t\t\t\t<a href=\"https:\/\/bygdeforeningen.vidsel.se\/wp-content\/uploads\/2022\/03\/IMG_9558-scaled.jpg\" data-elementor-open-lightbox=\"yes\" data-elementor-lightbox-title=\"K\u00f6k\">\n\t\t\t\t\t\t\t<img loading=\"lazy\" decoding=\"async\" width=\"1024\" height=\"683\" src=\"https:\/\/bygdeforeningen.vidsel.se\/wp-content\/uploads\/2022\/03\/IMG_9558-1024x683.jpg\" class=\"attachment-large size-large\" alt=\"\" srcset=\"https:\/\/bygdeforeningen.vidsel.se\/wp-content\/uploads\/2022\/03\/IMG_9558-1024x683.jpg 1024w, https:\/\/bygdeforeningen.vidsel.se\/wp-content\/uploads\/2022\/03\/IMG_9558-300x200.jpg 300w, https:\/\/bygdeforeningen.vidsel.se\/wp-content\/uploads\/2022\/03\/IMG_9558-768x512.jpg 768w, https:\/\/bygdeforeningen.vidsel.se\/wp-content\/uploads\/2022\/03\/IMG_9558-1536x1024.jpg 1536w, https:\/\/bygdeforeningen.vidsel.se\/wp-content\/uploads\/2022\/03\/IMG_9558-2048x1365.jpg 2048w\" sizes=\"auto, (max-width: 1024px) 100vw, 1024px\" \/>\t\t\t\t\t\t\t\t<\/a>\n\t\t\t\t\t\t\t\t\t\t\t\t\t\t\t<\/div>\n\t\t\t\t<\/div>\n\t\t\t\t\t<\/div>\n\t\t<\/div>\n\t\t\t\t\t\t\t<\/div>\n\t\t<\/section>\n\t\t\t\t<section class=\"elementor-section elementor-top-section elementor-element elementor-element-faabd7d elementor-section-boxed elementor-section-height-default elementor-section-height-default\" data-id=\"faabd7d\" data-element_type=\"section\">\n\t\t\t\t\t\t<div class=\"elementor-container elementor-column-gap-default\">\n\t\t\t\t\t<div class=\"elementor-column elementor-col-100 elementor-top-column elementor-element elementor-element-7a337ee4\" data-id=\"7a337ee4\" data-element_type=\"column\">\n\t\t\t<div class=\"elementor-widget-wrap elementor-element-populated\">\n\t\t\t\t\t\t\t\t<div class=\"elementor-element elementor-element-290824b9 elementor-widget elementor-widget-text-editor\" data-id=\"290824b9\" data-element_type=\"widget\" data-widget_type=\"text-editor.default\">\n\t\t\t\t<div class=\"elementor-widget-container\">\n\t\t\t\t\t\t\t<h4><strong>F\u00f6r pris eller bokning<\/strong> <b>kontakta Eina via telefon <strong>070-308 53 76<\/strong><\/b><\/h4>\t\t\t\t\t\t<\/div>\n\t\t\t\t<\/div>\n\t\t\t\t<div class=\"elementor-element elementor-element-348670c gallery-spacing-custom elementor-widget elementor-widget-image-gallery\" data-id=\"348670c\" data-element_type=\"widget\" data-widget_type=\"image-gallery.default\">\n\t\t\t\t<div class=\"elementor-widget-container\">\n\t\t\t\t\t<div class=\"elementor-image-gallery\">\n\t\t\t<div id='gallery-1' class='gallery galleryid-611 gallery-columns-3 gallery-size-medium'><figure class='gallery-item'>\n\t\t\t<div class='gallery-icon landscape'>\n\t\t\t\t<a data-elementor-open-lightbox=\"yes\" data-elementor-lightbox-slideshow=\"348670c\" data-elementor-lightbox-title=\"K\u00f6k\" href='https:\/\/bygdeforeningen.vidsel.se\/wp-content\/uploads\/2022\/03\/IMG_9542-scaled.jpg'><img loading=\"lazy\" decoding=\"async\" width=\"300\" height=\"200\" src=\"https:\/\/bygdeforeningen.vidsel.se\/wp-content\/uploads\/2022\/03\/IMG_9542-300x200.jpg\" class=\"attachment-medium size-medium\" alt=\"\" srcset=\"https:\/\/bygdeforeningen.vidsel.se\/wp-content\/uploads\/2022\/03\/IMG_9542-300x200.jpg 300w, https:\/\/bygdeforeningen.vidsel.se\/wp-content\/uploads\/2022\/03\/IMG_9542-1024x683.jpg 1024w, https:\/\/bygdeforeningen.vidsel.se\/wp-content\/uploads\/2022\/03\/IMG_9542-768x512.jpg 768w, https:\/\/bygdeforeningen.vidsel.se\/wp-content\/uploads\/2022\/03\/IMG_9542-1536x1024.jpg 1536w, https:\/\/bygdeforeningen.vidsel.se\/wp-content\/uploads\/2022\/03\/IMG_9542-2048x1365.jpg 2048w\" sizes=\"auto, (max-width: 300px) 100vw, 300px\" \/><\/a>\n\t\t\t<\/div><\/figure><figure class='gallery-item'>\n\t\t\t<div class='gallery-icon landscape'>\n\t\t\t\t<a data-elementor-open-lightbox=\"yes\" data-elementor-lightbox-slideshow=\"348670c\" data-elementor-lightbox-title=\"K\u00f6k\" href='https:\/\/bygdeforeningen.vidsel.se\/wp-content\/uploads\/2022\/03\/IMG_9546-scaled.jpg'><img loading=\"lazy\" decoding=\"async\" width=\"300\" height=\"200\" src=\"https:\/\/bygdeforeningen.vidsel.se\/wp-content\/uploads\/2022\/03\/IMG_9546-300x200.jpg\" class=\"attachment-medium size-medium\" alt=\"\" srcset=\"https:\/\/bygdeforeningen.vidsel.se\/wp-content\/uploads\/2022\/03\/IMG_9546-300x200.jpg 300w, https:\/\/bygdeforeningen.vidsel.se\/wp-content\/uploads\/2022\/03\/IMG_9546-1024x683.jpg 1024w, https:\/\/bygdeforeningen.vidsel.se\/wp-content\/uploads\/2022\/03\/IMG_9546-768x512.jpg 768w, https:\/\/bygdeforeningen.vidsel.se\/wp-content\/uploads\/2022\/03\/IMG_9546-1536x1024.jpg 1536w, https:\/\/bygdeforeningen.vidsel.se\/wp-content\/uploads\/2022\/03\/IMG_9546-2048x1365.jpg 2048w\" sizes=\"auto, (max-width: 300px) 100vw, 300px\" \/><\/a>\n\t\t\t<\/div><\/figure><figure class='gallery-item'>\n\t\t\t<div class='gallery-icon landscape'>\n\t\t\t\t<a data-elementor-open-lightbox=\"yes\" data-elementor-lightbox-slideshow=\"348670c\" data-elementor-lightbox-title=\"V\u00e4rmesk\u00e5p, spis och kylsk\u00e5p\" href='https:\/\/bygdeforeningen.vidsel.se\/wp-content\/uploads\/2021\/12\/Resized_20211210_100129001_2088-e1647112645820.jpg'><img loading=\"lazy\" decoding=\"async\" width=\"300\" height=\"199\" src=\"https:\/\/bygdeforeningen.vidsel.se\/wp-content\/uploads\/2021\/12\/Resized_20211210_100129001_2088-e1647112645820-300x199.jpg\" class=\"attachment-medium size-medium\" alt=\"\" srcset=\"https:\/\/bygdeforeningen.vidsel.se\/wp-content\/uploads\/2021\/12\/Resized_20211210_100129001_2088-e1647112645820-300x199.jpg 300w, https:\/\/bygdeforeningen.vidsel.se\/wp-content\/uploads\/2021\/12\/Resized_20211210_100129001_2088-e1647112645820-768x510.jpg 768w, https:\/\/bygdeforeningen.vidsel.se\/wp-content\/uploads\/2021\/12\/Resized_20211210_100129001_2088-e1647112645820.jpg 960w\" sizes=\"auto, (max-width: 300px) 100vw, 300px\" \/><\/a>\n\t\t\t<\/div><\/figure>\n\t\t<\/div>\n\t\t<\/div>\n\t\t\t\t<\/div>\n\t\t\t\t<\/div>\n\t\t\t\t<div class=\"elementor-element elementor-element-50720a0e elementor-widget elementor-widget-spacer\" data-id=\"50720a0e\" data-element_type=\"widget\" data-widget_type=\"spacer.default\">\n\t\t\t\t<div class=\"elementor-widget-container\">\n\t\t\t\t\t<div class=\"elementor-spacer\">\n\t\t\t<div class=\"elementor-spacer-inner\"><\/div>\n\t\t<\/div>\n\t\t\t\t<\/div>\n\t\t\t\t<\/div>\n\t\t\t\t\t<\/div>\n\t\t<\/div>\n\t\t\t\t\t\t\t<\/div>\n\t\t<\/section>\n\t\t\t\t<section class=\"elementor-section elementor-top-section elementor-element elementor-element-1a7e449c elementor-section-boxed elementor-section-height-default elementor-section-height-default\" data-id=\"1a7e449c\" data-element_type=\"section\">\n\t\t\t\t\t\t<div class=\"elementor-container elementor-column-gap-default\">\n\t\t\t\t\t<div class=\"elementor-column elementor-col-100 elementor-top-column elementor-element elementor-element-5fd3c03b\" data-id=\"5fd3c03b\" data-element_type=\"column\">\n\t\t\t<div class=\"elementor-widget-wrap elementor-element-populated\">\n\t\t\t\t\t\t\t\t<div class=\"elementor-element elementor-element-634a571c elementor-widget elementor-widget-heading\" data-id=\"634a571c\" data-element_type=\"widget\" data-widget_type=\"heading.default\">\n\t\t\t\t<div class=\"elementor-widget-container\">\n\t\t\t<h2 class=\"elementor-heading-title elementor-size-large\">\u00f6vrig info<\/h2>\t\t<\/div>\n\t\t\t\t<\/div>\n\t\t\t\t<div class=\"elementor-element elementor-element-d5c0c59 elementor-widget elementor-widget-text-editor\" data-id=\"d5c0c59\" data-element_type=\"widget\" data-widget_type=\"text-editor.default\">\n\t\t\t\t<div class=\"elementor-widget-container\">\n\t\t\t\t\t\t\t<p>Vid speciella \u00f6nskem\u00e5l av utrustning eller liknade tveka inte att h\u00f6ra av er.<\/p><p>F\u00f6r att l\u00e4sa hyresvillkor <strong><span style=\"color: #79a8a4;\"><a style=\"color: #79a8a4;\" href=\"https:\/\/bygdeforeningen.vidsel.se\/index.php\/hyresvillkor\/\">KLICKA H\u00c4R<\/a><\/span><\/strong><\/p>\t\t\t\t\t\t<\/div>\n\t\t\t\t<\/div>\n\t\t\t\t<div class=\"elementor-element elementor-element-ae7f794 elementor-widget elementor-widget-spacer\" data-id=\"ae7f794\" data-element_type=\"widget\" data-widget_type=\"spacer.default\">\n\t\t\t\t<div class=\"elementor-widget-container\">\n\t\t\t\t\t<div class=\"elementor-spacer\">\n\t\t\t<div class=\"elementor-spacer-inner\"><\/div>\n\t\t<\/div>\n\t\t\t\t<\/div>\n\t\t\t\t<\/div>\n\t\t\t\t\t<\/div>\n\t\t<\/div>\n\t\t\t\t\t\t\t<\/div>\n\t\t<\/section>\n\t\t\t\t\t\t<\/div>\n\t\t\t\t\t<\/div>\n\t\t","protected":false},"excerpt":{"rendered":"<p>k\u00f6k k\u00f6k K\u00f6ket \u00e4r utrustat med standardvitvaror och snabbg\u00e5ende restaurangdiskmaskin. En passande\u00a0plats att f\u00f6rbereda fika eller mat f\u00f6r arrangemang i \u00f6vriga lokaler. Vid hyra av stora salen eller cafeterian ing\u00e5r k\u00f6ket. Kaffebryggare f\u00f6r tv\u00e5 kannor Pumptermosar Kastruller i varierande storlek, 1-15 liter Mikrov\u00e5gsugn V\u00e4rmesk\u00e5p &amp; varmh\u00e5llningsplatta Tillg\u00e5ng till kyl och frys Restaurangdiskmaskin Porslin och glas, &hellip;<\/p>\n<p class=\"read-more\"> <a class=\"\" href=\"https:\/\/bygdeforeningen.vidsel.se\/index.php\/kok\/\"> <span class=\"screen-reader-text\">K\u00f6k<\/span> L\u00e4s mer &raquo;<\/a><\/p>\n","protected":false},"author":3,"featured_media":0,"parent":0,"menu_order":0,"comment_status":"closed","ping_status":"closed","template":"","meta":{"site-sidebar-layout":"no-sidebar","site-content-layout":"page-builder","ast-main-header-display":"","ast-hfb-above-header-display":"","ast-hfb-mobile-header-display":"","site-post-title":"disabled","ast-breadcrumbs-content":"","ast-featured-img":"disabled","footer-sml-layout":"","theme-transparent-header-meta":"","adv-header-id-meta":"","stick-header-meta":"","header-above-stick-meta":"","header-main-stick-meta":"","header-below-stick-meta":"","footnotes":""},"class_list":["post-611","page","type-page","status-publish","hentry"],"_links":{"self":[{"href":"https:\/\/bygdeforeningen.vidsel.se\/index.php\/wp-json\/wp\/v2\/pages\/611","targetHints":{"allow":["GET"]}}],"collection":[{"href":"https:\/\/bygdeforeningen.vidsel.se\/index.php\/wp-json\/wp\/v2\/pages"}],"about":[{"href":"https:\/\/bygdeforeningen.vidsel.se\/index.php\/wp-json\/wp\/v2\/types\/page"}],"author":[{"embeddable":true,"href":"https:\/\/bygdeforeningen.vidsel.se\/index.php\/wp-json\/wp\/v2\/users\/3"}],"replies":[{"embeddable":true,"href":"https:\/\/bygdeforeningen.vidsel.se\/index.php\/wp-json\/wp\/v2\/comments?post=611"}],"version-history":[{"count":49,"href":"https:\/\/bygdeforeningen.vidsel.se\/index.php\/wp-json\/wp\/v2\/pages\/611\/revisions"}],"predecessor-version":[{"id":2058,"href":"https:\/\/bygdeforeningen.vidsel.se\/index.php\/wp-json\/wp\/v2\/pages\/611\/revisions\/2058"}],"wp:attachment":[{"href":"https:\/\/bygdeforeningen.vidsel.se\/index.php\/wp-json\/wp\/v2\/media?parent=611"}],"curies":[{"name":"wp","href":"https:\/\/api.w.org\/{rel}","templated":true}]}}