{"id":609,"date":"2021-11-01T09:47:47","date_gmt":"2021-11-01T08:47:47","guid":{"rendered":"https:\/\/bygdeforeningen.vidsel.se\/?page_id=609"},"modified":"2024-04-09T11:32:02","modified_gmt":"2024-04-09T09:32:02","slug":"lokaler","status":"publish","type":"page","link":"https:\/\/bygdeforeningen.vidsel.se\/index.php\/lokaler\/","title":{"rendered":"Lokaler"},"content":{"rendered":"\t\t<div data-elementor-type=\"wp-page\" data-elementor-id=\"609\" class=\"elementor elementor-609\" data-elementor-settings=\"[]\">\n\t\t\t\t\t\t\t<div class=\"elementor-section-wrap\">\n\t\t\t\t\t\t\t<section class=\"elementor-section elementor-top-section elementor-element elementor-element-434a10e6 elementor-section-height-min-height elementor-section-content-middle elementor-section-boxed elementor-section-height-default elementor-section-items-middle\" data-id=\"434a10e6\" data-element_type=\"section\" data-settings=\"{&quot;background_background&quot;:&quot;classic&quot;}\">\n\t\t\t\t\t\t\t<div class=\"elementor-background-overlay\"><\/div>\n\t\t\t\t\t\t\t<div class=\"elementor-container elementor-column-gap-no\">\n\t\t\t\t\t<div class=\"elementor-column elementor-col-100 elementor-top-column elementor-element elementor-element-7f71c982\" data-id=\"7f71c982\" data-element_type=\"column\">\n\t\t\t<div class=\"elementor-widget-wrap elementor-element-populated\">\n\t\t\t\t\t\t\t\t<div class=\"elementor-element elementor-element-591afe32 elementor-widget elementor-widget-heading\" data-id=\"591afe32\" data-element_type=\"widget\" data-widget_type=\"heading.default\">\n\t\t\t\t<div class=\"elementor-widget-container\">\n\t\t\t<h2 class=\"elementor-heading-title elementor-size-default\">v\u00e5ra lokaler<\/h2>\t\t<\/div>\n\t\t\t\t<\/div>\n\t\t\t\t\t<\/div>\n\t\t<\/div>\n\t\t\t\t\t\t\t<\/div>\n\t\t<\/section>\n\t\t\t\t<section class=\"elementor-section elementor-top-section elementor-element elementor-element-125472d elementor-section-boxed elementor-section-height-default elementor-section-height-default\" data-id=\"125472d\" data-element_type=\"section\">\n\t\t\t\t\t\t<div class=\"elementor-container elementor-column-gap-default\">\n\t\t\t\t\t<div class=\"elementor-column elementor-col-100 elementor-top-column elementor-element elementor-element-3358f90\" data-id=\"3358f90\" data-element_type=\"column\">\n\t\t\t<div class=\"elementor-widget-wrap elementor-element-populated\">\n\t\t\t\t\t\t\t\t<div class=\"elementor-element elementor-element-2ab4ba0 elementor-widget elementor-widget-spacer\" data-id=\"2ab4ba0\" data-element_type=\"widget\" data-widget_type=\"spacer.default\">\n\t\t\t\t<div class=\"elementor-widget-container\">\n\t\t\t\t\t<div class=\"elementor-spacer\">\n\t\t\t<div class=\"elementor-spacer-inner\"><\/div>\n\t\t<\/div>\n\t\t\t\t<\/div>\n\t\t\t\t<\/div>\n\t\t\t\t\t<\/div>\n\t\t<\/div>\n\t\t\t\t\t\t\t<\/div>\n\t\t<\/section>\n\t\t\t\t<section class=\"elementor-section elementor-top-section elementor-element elementor-element-d091f4d elementor-section-boxed elementor-section-height-default elementor-section-height-default\" data-id=\"d091f4d\" data-element_type=\"section\">\n\t\t\t\t\t\t<div class=\"elementor-container elementor-column-gap-default\">\n\t\t\t\t\t<div class=\"elementor-column elementor-col-100 elementor-top-column elementor-element elementor-element-079c955\" data-id=\"079c955\" data-element_type=\"column\">\n\t\t\t<div class=\"elementor-widget-wrap elementor-element-populated\">\n\t\t\t\t\t\t\t\t<div class=\"elementor-element elementor-element-c7b543a elementor-widget elementor-widget-heading\" data-id=\"c7b543a\" data-element_type=\"widget\" data-widget_type=\"heading.default\">\n\t\t\t\t<div class=\"elementor-widget-container\">\n\t\t\t<h2 class=\"elementor-heading-title elementor-size-default\">V\u00e5ra Uthyrningslokaler<\/h2>\t\t<\/div>\n\t\t\t\t<\/div>\n\t\t\t\t<div class=\"elementor-element elementor-element-1a9d472 elementor-widget elementor-widget-text-editor\" data-id=\"1a9d472\" data-element_type=\"widget\" data-widget_type=\"text-editor.default\">\n\t\t\t\t<div class=\"elementor-widget-container\">\n\t\t\t\t\t\t\t<p style=\"text-align: left;\">V\u00e5ra lokaler passar allt fr\u00e5n studiecirklar till br\u00f6llop. Lokalerna hittar ni i <a href=\"https:\/\/aktivitetshuset.vidsel.se\/\">Aktivitetshuset<\/a> under adressen <strong>V\u00e4stra Vidselsv\u00e4gen 17, 942 95 Vidsel<\/strong><\/p>\t\t\t\t\t\t<\/div>\n\t\t\t\t<\/div>\n\t\t\t\t\t<\/div>\n\t\t<\/div>\n\t\t\t\t\t\t\t<\/div>\n\t\t<\/section>\n\t\t\t\t<section class=\"elementor-section elementor-top-section elementor-element elementor-element-aa11fe8 elementor-section-boxed elementor-section-height-default elementor-section-height-default\" data-id=\"aa11fe8\" data-element_type=\"section\">\n\t\t\t\t\t\t<div class=\"elementor-container elementor-column-gap-default\">\n\t\t\t\t\t<div class=\"elementor-column elementor-col-25 elementor-top-column elementor-element elementor-element-600cbb7\" data-id=\"600cbb7\" data-element_type=\"column\">\n\t\t\t<div class=\"elementor-widget-wrap elementor-element-populated\">\n\t\t\t\t\t\t\t\t<div class=\"elementor-element elementor-element-55adcf2 elementor-widget elementor-widget-heading\" data-id=\"55adcf2\" data-element_type=\"widget\" data-widget_type=\"heading.default\">\n\t\t\t\t<div class=\"elementor-widget-container\">\n\t\t\t<h2 class=\"elementor-heading-title elementor-size-small\">Konferensen<\/h2>\t\t<\/div>\n\t\t\t\t<\/div>\n\t\t\t\t<div class=\"elementor-element elementor-element-3751243 elementor-widget elementor-widget-text-editor\" data-id=\"3751243\" data-element_type=\"widget\" data-widget_type=\"text-editor.default\">\n\t\t\t\t<div class=\"elementor-widget-container\">\n\t\t\t\t\t\t\t<p>Lokalen \u00e4r l\u00e4mplig f\u00f6r sammankomster i mindre skala, m\u00f6ten, studiecirklar, kurser mm.<\/p>\t\t\t\t\t\t<\/div>\n\t\t\t\t<\/div>\n\t\t\t\t<div class=\"elementor-element elementor-element-8091a48 elementor-widget elementor-widget-image\" data-id=\"8091a48\" data-element_type=\"widget\" data-widget_type=\"image.default\">\n\t\t\t\t<div class=\"elementor-widget-container\">\n\t\t\t\t\t\t\t\t\t\t\t\t\t\t\t\t<a href=\"https:\/\/bygdeforeningen.vidsel.se\/wp-content\/uploads\/2021\/12\/IMG_9342-scaled.jpg\" data-elementor-open-lightbox=\"yes\" data-elementor-lightbox-title=\"Konferens\">\n\t\t\t\t\t\t\t<img loading=\"lazy\" decoding=\"async\" width=\"1024\" height=\"769\" src=\"https:\/\/bygdeforeningen.vidsel.se\/wp-content\/uploads\/2021\/12\/IMG_9342-scaled-e1639481852606-1024x769.jpg\" class=\"attachment-large size-large\" alt=\"\" srcset=\"https:\/\/bygdeforeningen.vidsel.se\/wp-content\/uploads\/2021\/12\/IMG_9342-scaled-e1639481852606-1024x769.jpg 1024w, https:\/\/bygdeforeningen.vidsel.se\/wp-content\/uploads\/2021\/12\/IMG_9342-scaled-e1639481852606-300x225.jpg 300w, https:\/\/bygdeforeningen.vidsel.se\/wp-content\/uploads\/2021\/12\/IMG_9342-scaled-e1639481852606-768x577.jpg 768w, https:\/\/bygdeforeningen.vidsel.se\/wp-content\/uploads\/2021\/12\/IMG_9342-scaled-e1639481852606-1536x1154.jpg 1536w, https:\/\/bygdeforeningen.vidsel.se\/wp-content\/uploads\/2021\/12\/IMG_9342-scaled-e1639481852606-2048x1539.jpg 2048w\" sizes=\"auto, (max-width: 1024px) 100vw, 1024px\" \/>\t\t\t\t\t\t\t\t<\/a>\n\t\t\t\t\t\t\t\t\t\t\t\t\t\t\t<\/div>\n\t\t\t\t<\/div>\n\t\t\t\t<div class=\"elementor-element elementor-element-8642ee1 elementor-align-center elementor-widget elementor-widget-button\" data-id=\"8642ee1\" data-element_type=\"widget\" data-widget_type=\"button.default\">\n\t\t\t\t<div class=\"elementor-widget-container\">\n\t\t\t\t\t<div class=\"elementor-button-wrapper\">\n\t\t\t<a href=\"https:\/\/bygdeforeningen.vidsel.se\/index.php\/konferans\/\" class=\"elementor-button-link elementor-button elementor-size-sm\" role=\"button\">\n\t\t\t\t\t\t<span class=\"elementor-button-content-wrapper\">\n\t\t\t\t\t\t<span class=\"elementor-button-text\">L\u00e4s mer<\/span>\n\t\t<\/span>\n\t\t\t\t\t<\/a>\n\t\t<\/div>\n\t\t\t\t<\/div>\n\t\t\t\t<\/div>\n\t\t\t\t\t<\/div>\n\t\t<\/div>\n\t\t\t\t<div class=\"elementor-column elementor-col-25 elementor-top-column elementor-element elementor-element-7187218\" data-id=\"7187218\" data-element_type=\"column\">\n\t\t\t<div class=\"elementor-widget-wrap elementor-element-populated\">\n\t\t\t\t\t\t\t\t<div class=\"elementor-element elementor-element-4b11a04 elementor-widget elementor-widget-heading\" data-id=\"4b11a04\" data-element_type=\"widget\" data-widget_type=\"heading.default\">\n\t\t\t\t<div class=\"elementor-widget-container\">\n\t\t\t<h2 class=\"elementor-heading-title elementor-size-small\">Stora Salen<\/h2>\t\t<\/div>\n\t\t\t\t<\/div>\n\t\t\t\t<div class=\"elementor-element elementor-element-751475e elementor-widget elementor-widget-text-editor\" data-id=\"751475e\" data-element_type=\"widget\" data-widget_type=\"text-editor.default\">\n\t\t\t\t<div class=\"elementor-widget-container\">\n\t\t\t\t\t\t\t<p>Lokalen \u00e4r l\u00e4mplig f\u00f6r st\u00f6rre sammankomster, m\u00f6ten, fester, br\u00f6llop, utst\u00e4llningar mm.<\/p>\t\t\t\t\t\t<\/div>\n\t\t\t\t<\/div>\n\t\t\t\t<div class=\"elementor-element elementor-element-bb42ff8 elementor-widget elementor-widget-image\" data-id=\"bb42ff8\" data-element_type=\"widget\" data-widget_type=\"image.default\">\n\t\t\t\t<div class=\"elementor-widget-container\">\n\t\t\t\t\t\t\t\t\t\t\t\t\t\t\t\t<a href=\"https:\/\/bygdeforeningen.vidsel.se\/wp-content\/uploads\/2021\/12\/Resized_20211202_130921002_7695.jpg\" data-elementor-open-lightbox=\"yes\" data-elementor-lightbox-title=\"Stora Salen\">\n\t\t\t\t\t\t\t<img loading=\"lazy\" decoding=\"async\" width=\"960\" height=\"720\" src=\"https:\/\/bygdeforeningen.vidsel.se\/wp-content\/uploads\/2021\/12\/Resized_20211202_130921002_7695.jpg\" class=\"attachment-large size-large\" alt=\"\" srcset=\"https:\/\/bygdeforeningen.vidsel.se\/wp-content\/uploads\/2021\/12\/Resized_20211202_130921002_7695.jpg 960w, https:\/\/bygdeforeningen.vidsel.se\/wp-content\/uploads\/2021\/12\/Resized_20211202_130921002_7695-300x225.jpg 300w, https:\/\/bygdeforeningen.vidsel.se\/wp-content\/uploads\/2021\/12\/Resized_20211202_130921002_7695-768x576.jpg 768w\" sizes=\"auto, (max-width: 960px) 100vw, 960px\" \/>\t\t\t\t\t\t\t\t<\/a>\n\t\t\t\t\t\t\t\t\t\t\t\t\t\t\t<\/div>\n\t\t\t\t<\/div>\n\t\t\t\t<div class=\"elementor-element elementor-element-29fe6b5 elementor-align-center elementor-widget elementor-widget-button\" data-id=\"29fe6b5\" data-element_type=\"widget\" data-widget_type=\"button.default\">\n\t\t\t\t<div class=\"elementor-widget-container\">\n\t\t\t\t\t<div class=\"elementor-button-wrapper\">\n\t\t\t<a href=\"https:\/\/bygdeforeningen.vidsel.se\/index.php\/stora-salen\/\" class=\"elementor-button-link elementor-button elementor-size-sm\" role=\"button\">\n\t\t\t\t\t\t<span class=\"elementor-button-content-wrapper\">\n\t\t\t\t\t\t<span class=\"elementor-button-text\">l\u00e4s mer<\/span>\n\t\t<\/span>\n\t\t\t\t\t<\/a>\n\t\t<\/div>\n\t\t\t\t<\/div>\n\t\t\t\t<\/div>\n\t\t\t\t\t<\/div>\n\t\t<\/div>\n\t\t\t\t<div class=\"elementor-column elementor-col-25 elementor-top-column elementor-element elementor-element-48e057a\" data-id=\"48e057a\" data-element_type=\"column\">\n\t\t\t<div class=\"elementor-widget-wrap elementor-element-populated\">\n\t\t\t\t\t\t\t\t<div class=\"elementor-element elementor-element-f7cb261 elementor-widget elementor-widget-heading\" data-id=\"f7cb261\" data-element_type=\"widget\" data-widget_type=\"heading.default\">\n\t\t\t\t<div class=\"elementor-widget-container\">\n\t\t\t<h2 class=\"elementor-heading-title elementor-size-small\">Cafeteria<\/h2>\t\t<\/div>\n\t\t\t\t<\/div>\n\t\t\t\t<div class=\"elementor-element elementor-element-e743c17 elementor-widget elementor-widget-text-editor\" data-id=\"e743c17\" data-element_type=\"widget\" data-widget_type=\"text-editor.default\">\n\t\t\t\t<div class=\"elementor-widget-container\">\n\t\t\t\t\t\t\t<p>Lokalen \u00e4r l\u00e4mplig f\u00f6r mindre sammankomster, m\u00f6ten, studiecirklar mm.<\/p>\t\t\t\t\t\t<\/div>\n\t\t\t\t<\/div>\n\t\t\t\t<div class=\"elementor-element elementor-element-f5bc459 elementor-widget elementor-widget-image\" data-id=\"f5bc459\" data-element_type=\"widget\" data-widget_type=\"image.default\">\n\t\t\t\t<div class=\"elementor-widget-container\">\n\t\t\t\t\t\t\t\t\t\t\t\t\t\t\t\t<a href=\"https:\/\/bygdeforeningen.vidsel.se\/wp-content\/uploads\/2021\/12\/Resized_20211210_102520001_3947.jpg\" data-elementor-open-lightbox=\"yes\" data-elementor-lightbox-title=\"Cafeteria\">\n\t\t\t\t\t\t\t<img loading=\"lazy\" decoding=\"async\" width=\"960\" height=\"720\" src=\"https:\/\/bygdeforeningen.vidsel.se\/wp-content\/uploads\/2021\/12\/Resized_20211210_102520001_3947.jpg\" class=\"attachment-large size-large\" alt=\"\" srcset=\"https:\/\/bygdeforeningen.vidsel.se\/wp-content\/uploads\/2021\/12\/Resized_20211210_102520001_3947.jpg 960w, https:\/\/bygdeforeningen.vidsel.se\/wp-content\/uploads\/2021\/12\/Resized_20211210_102520001_3947-300x225.jpg 300w, https:\/\/bygdeforeningen.vidsel.se\/wp-content\/uploads\/2021\/12\/Resized_20211210_102520001_3947-768x576.jpg 768w\" sizes=\"auto, (max-width: 960px) 100vw, 960px\" \/>\t\t\t\t\t\t\t\t<\/a>\n\t\t\t\t\t\t\t\t\t\t\t\t\t\t\t<\/div>\n\t\t\t\t<\/div>\n\t\t\t\t<div class=\"elementor-element elementor-element-d8b8ca9 elementor-align-center elementor-widget elementor-widget-button\" data-id=\"d8b8ca9\" data-element_type=\"widget\" data-widget_type=\"button.default\">\n\t\t\t\t<div class=\"elementor-widget-container\">\n\t\t\t\t\t<div class=\"elementor-button-wrapper\">\n\t\t\t<a href=\"https:\/\/bygdeforeningen.vidsel.se\/index.php\/cafeteria\/\" class=\"elementor-button-link elementor-button elementor-size-sm\" role=\"button\">\n\t\t\t\t\t\t<span class=\"elementor-button-content-wrapper\">\n\t\t\t\t\t\t<span class=\"elementor-button-text\">l\u00e4s mer<\/span>\n\t\t<\/span>\n\t\t\t\t\t<\/a>\n\t\t<\/div>\n\t\t\t\t<\/div>\n\t\t\t\t<\/div>\n\t\t\t\t\t<\/div>\n\t\t<\/div>\n\t\t\t\t<div class=\"elementor-column elementor-col-25 elementor-top-column elementor-element elementor-element-979a76a\" data-id=\"979a76a\" data-element_type=\"column\">\n\t\t\t<div class=\"elementor-widget-wrap elementor-element-populated\">\n\t\t\t\t\t\t\t\t<div class=\"elementor-element elementor-element-5b3011b elementor-widget elementor-widget-heading\" data-id=\"5b3011b\" data-element_type=\"widget\" data-widget_type=\"heading.default\">\n\t\t\t\t<div class=\"elementor-widget-container\">\n\t\t\t<h2 class=\"elementor-heading-title elementor-size-small\">k\u00f6k<\/h2>\t\t<\/div>\n\t\t\t\t<\/div>\n\t\t\t\t<div class=\"elementor-element elementor-element-532acbb elementor-widget elementor-widget-text-editor\" data-id=\"532acbb\" data-element_type=\"widget\" data-widget_type=\"text-editor.default\">\n\t\t\t\t<div class=\"elementor-widget-container\">\n\t\t\t\t\t\t\t<p>K\u00f6ket \u00e4r fullt utrustat f\u00f6r ca 100 personer och passar bra att hyra tillsammans med \u00f6vriga lokaler.<\/p>\t\t\t\t\t\t<\/div>\n\t\t\t\t<\/div>\n\t\t\t\t<div class=\"elementor-element elementor-element-0a63f1e elementor-widget elementor-widget-image\" data-id=\"0a63f1e\" data-element_type=\"widget\" data-widget_type=\"image.default\">\n\t\t\t\t<div class=\"elementor-widget-container\">\n\t\t\t\t\t\t\t\t\t\t\t\t\t\t\t\t<a href=\"https:\/\/bygdeforeningen.vidsel.se\/wp-content\/uploads\/2022\/03\/IMG_9558-1-scaled.jpg\" data-elementor-open-lightbox=\"yes\" data-elementor-lightbox-title=\"IMG_9558\">\n\t\t\t\t\t\t\t<img loading=\"lazy\" decoding=\"async\" width=\"1024\" height=\"766\" src=\"https:\/\/bygdeforeningen.vidsel.se\/wp-content\/uploads\/2022\/03\/IMG_9558-1-scaled-e1647113086562-1024x766.jpg\" class=\"attachment-large size-large\" alt=\"\" srcset=\"https:\/\/bygdeforeningen.vidsel.se\/wp-content\/uploads\/2022\/03\/IMG_9558-1-scaled-e1647113086562-1024x766.jpg 1024w, https:\/\/bygdeforeningen.vidsel.se\/wp-content\/uploads\/2022\/03\/IMG_9558-1-scaled-e1647113086562-300x224.jpg 300w, https:\/\/bygdeforeningen.vidsel.se\/wp-content\/uploads\/2022\/03\/IMG_9558-1-scaled-e1647113086562-768x574.jpg 768w, https:\/\/bygdeforeningen.vidsel.se\/wp-content\/uploads\/2022\/03\/IMG_9558-1-scaled-e1647113086562-1536x1149.jpg 1536w, https:\/\/bygdeforeningen.vidsel.se\/wp-content\/uploads\/2022\/03\/IMG_9558-1-scaled-e1647113086562-2048x1532.jpg 2048w\" sizes=\"auto, (max-width: 1024px) 100vw, 1024px\" \/>\t\t\t\t\t\t\t\t<\/a>\n\t\t\t\t\t\t\t\t\t\t\t\t\t\t\t<\/div>\n\t\t\t\t<\/div>\n\t\t\t\t<div class=\"elementor-element elementor-element-177f978 elementor-align-center elementor-widget elementor-widget-button\" data-id=\"177f978\" data-element_type=\"widget\" data-widget_type=\"button.default\">\n\t\t\t\t<div class=\"elementor-widget-container\">\n\t\t\t\t\t<div class=\"elementor-button-wrapper\">\n\t\t\t<a href=\"https:\/\/bygdeforeningen.vidsel.se\/index.php\/kok\/\" class=\"elementor-button-link elementor-button elementor-size-sm\" role=\"button\">\n\t\t\t\t\t\t<span class=\"elementor-button-content-wrapper\">\n\t\t\t\t\t\t<span class=\"elementor-button-text\">l\u00e4s mer<\/span>\n\t\t<\/span>\n\t\t\t\t\t<\/a>\n\t\t<\/div>\n\t\t\t\t<\/div>\n\t\t\t\t<\/div>\n\t\t\t\t\t<\/div>\n\t\t<\/div>\n\t\t\t\t\t\t\t<\/div>\n\t\t<\/section>\n\t\t\t\t<section class=\"elementor-section elementor-top-section elementor-element elementor-element-91a57a2 elementor-section-boxed elementor-section-height-default elementor-section-height-default\" data-id=\"91a57a2\" data-element_type=\"section\">\n\t\t\t\t\t\t<div class=\"elementor-container elementor-column-gap-default\">\n\t\t\t\t\t<div class=\"elementor-column elementor-col-100 elementor-top-column elementor-element elementor-element-90bf9e0\" data-id=\"90bf9e0\" data-element_type=\"column\">\n\t\t\t<div class=\"elementor-widget-wrap elementor-element-populated\">\n\t\t\t\t\t\t\t\t<div class=\"elementor-element elementor-element-299bbc4 elementor-widget elementor-widget-spacer\" data-id=\"299bbc4\" data-element_type=\"widget\" data-widget_type=\"spacer.default\">\n\t\t\t\t<div class=\"elementor-widget-container\">\n\t\t\t\t\t<div class=\"elementor-spacer\">\n\t\t\t<div class=\"elementor-spacer-inner\"><\/div>\n\t\t<\/div>\n\t\t\t\t<\/div>\n\t\t\t\t<\/div>\n\t\t\t\t\t<\/div>\n\t\t<\/div>\n\t\t\t\t\t\t\t<\/div>\n\t\t<\/section>\n\t\t\t\t<section class=\"elementor-section elementor-top-section elementor-element elementor-element-8548888 elementor-section-boxed elementor-section-height-default elementor-section-height-default\" data-id=\"8548888\" data-element_type=\"section\">\n\t\t\t\t\t\t<div class=\"elementor-container elementor-column-gap-default\">\n\t\t\t\t\t<div class=\"elementor-column elementor-col-100 elementor-top-column elementor-element elementor-element-2f3b5ff\" data-id=\"2f3b5ff\" data-element_type=\"column\">\n\t\t\t<div class=\"elementor-widget-wrap elementor-element-populated\">\n\t\t\t\t\t\t\t\t<div class=\"elementor-element elementor-element-04d965c elementor-widget elementor-widget-heading\" data-id=\"04d965c\" data-element_type=\"widget\" data-widget_type=\"heading.default\">\n\t\t\t\t<div class=\"elementor-widget-container\">\n\t\t\t<h2 class=\"elementor-heading-title elementor-size-default\">\u00f6vrig info<\/h2>\t\t<\/div>\n\t\t\t\t<\/div>\n\t\t\t\t\t<\/div>\n\t\t<\/div>\n\t\t\t\t\t\t\t<\/div>\n\t\t<\/section>\n\t\t\t\t<section class=\"elementor-section elementor-top-section elementor-element elementor-element-d04f597 elementor-section-boxed elementor-section-height-default elementor-section-height-default\" data-id=\"d04f597\" data-element_type=\"section\">\n\t\t\t\t\t\t<div class=\"elementor-container elementor-column-gap-default\">\n\t\t\t\t\t<div class=\"elementor-column elementor-col-100 elementor-top-column elementor-element elementor-element-66c1e3e\" data-id=\"66c1e3e\" data-element_type=\"column\">\n\t\t\t<div class=\"elementor-widget-wrap elementor-element-populated\">\n\t\t\t\t\t\t\t\t<div class=\"elementor-element elementor-element-4dc2c67 elementor-widget elementor-widget-text-editor\" data-id=\"4dc2c67\" data-element_type=\"widget\" data-widget_type=\"text-editor.default\">\n\t\t\t\t<div class=\"elementor-widget-container\">\n\t\t\t\t\t\t\t<p>F\u00f6r bokning av lokal kontakta Eina via telefon<strong> 070-308 53 76<\/strong>\u00a0<\/p><p>\u00a0<\/p>\t\t\t\t\t\t<\/div>\n\t\t\t\t<\/div>\n\t\t\t\t<div class=\"elementor-element elementor-element-a5e301d elementor-widget elementor-widget-spacer\" data-id=\"a5e301d\" data-element_type=\"widget\" data-widget_type=\"spacer.default\">\n\t\t\t\t<div class=\"elementor-widget-container\">\n\t\t\t\t\t<div class=\"elementor-spacer\">\n\t\t\t<div class=\"elementor-spacer-inner\"><\/div>\n\t\t<\/div>\n\t\t\t\t<\/div>\n\t\t\t\t<\/div>\n\t\t\t\t\t<\/div>\n\t\t<\/div>\n\t\t\t\t\t\t\t<\/div>\n\t\t<\/section>\n\t\t\t\t\t\t<\/div>\n\t\t\t\t\t<\/div>\n\t\t","protected":false},"excerpt":{"rendered":"<p>v\u00e5ra lokaler V\u00e5ra Uthyrningslokaler V\u00e5ra lokaler passar allt fr\u00e5n studiecirklar till br\u00f6llop. Lokalerna hittar ni i Aktivitetshuset under adressen V\u00e4stra Vidselsv\u00e4gen 17, 942 95 Vidsel Konferensen Lokalen \u00e4r l\u00e4mplig f\u00f6r sammankomster i mindre skala, m\u00f6ten, studiecirklar, kurser mm. L\u00e4s mer Stora Salen Lokalen \u00e4r l\u00e4mplig f\u00f6r st\u00f6rre sammankomster, m\u00f6ten, fester, br\u00f6llop, utst\u00e4llningar mm. l\u00e4s mer &hellip;<\/p>\n<p class=\"read-more\"> <a class=\"\" href=\"https:\/\/bygdeforeningen.vidsel.se\/index.php\/lokaler\/\"> <span class=\"screen-reader-text\">Lokaler<\/span> L\u00e4s mer &raquo;<\/a><\/p>\n","protected":false},"author":3,"featured_media":0,"parent":0,"menu_order":0,"comment_status":"closed","ping_status":"closed","template":"","meta":{"site-sidebar-layout":"no-sidebar","site-content-layout":"page-builder","ast-main-header-display":"","ast-hfb-above-header-display":"","ast-hfb-mobile-header-display":"","site-post-title":"disabled","ast-breadcrumbs-content":"","ast-featured-img":"disabled","footer-sml-layout":"","theme-transparent-header-meta":"","adv-header-id-meta":"","stick-header-meta":"","header-above-stick-meta":"","header-main-stick-meta":"","header-below-stick-meta":"","footnotes":""},"class_list":["post-609","page","type-page","status-publish","hentry"],"_links":{"self":[{"href":"https:\/\/bygdeforeningen.vidsel.se\/index.php\/wp-json\/wp\/v2\/pages\/609","targetHints":{"allow":["GET"]}}],"collection":[{"href":"https:\/\/bygdeforeningen.vidsel.se\/index.php\/wp-json\/wp\/v2\/pages"}],"about":[{"href":"https:\/\/bygdeforeningen.vidsel.se\/index.php\/wp-json\/wp\/v2\/types\/page"}],"author":[{"embeddable":true,"href":"https:\/\/bygdeforeningen.vidsel.se\/index.php\/wp-json\/wp\/v2\/users\/3"}],"replies":[{"embeddable":true,"href":"https:\/\/bygdeforeningen.vidsel.se\/index.php\/wp-json\/wp\/v2\/comments?post=609"}],"version-history":[{"count":73,"href":"https:\/\/bygdeforeningen.vidsel.se\/index.php\/wp-json\/wp\/v2\/pages\/609\/revisions"}],"predecessor-version":[{"id":2046,"href":"https:\/\/bygdeforeningen.vidsel.se\/index.php\/wp-json\/wp\/v2\/pages\/609\/revisions\/2046"}],"wp:attachment":[{"href":"https:\/\/bygdeforeningen.vidsel.se\/index.php\/wp-json\/wp\/v2\/media?parent=609"}],"curies":[{"name":"wp","href":"https:\/\/api.w.org\/{rel}","templated":true}]}}