{"id":601,"date":"2021-11-01T09:45:32","date_gmt":"2021-11-01T08:45:32","guid":{"rendered":"https:\/\/bygdeforeningen.vidsel.se\/?page_id=601"},"modified":"2025-05-14T08:43:28","modified_gmt":"2025-05-14T06:43:28","slug":"om-oss","status":"publish","type":"page","link":"https:\/\/bygdeforeningen.vidsel.se\/index.php\/om-oss\/","title":{"rendered":"Om Oss"},"content":{"rendered":"\t\t<div data-elementor-type=\"wp-page\" data-elementor-id=\"601\" class=\"elementor elementor-601\" data-elementor-settings=\"[]\">\n\t\t\t\t\t\t\t<div class=\"elementor-section-wrap\">\n\t\t\t\t\t\t\t<section class=\"elementor-section elementor-top-section elementor-element elementor-element-4b53bbfe elementor-section-height-min-height elementor-section-content-middle elementor-section-boxed elementor-section-height-default elementor-section-items-middle\" data-id=\"4b53bbfe\" data-element_type=\"section\" data-settings=\"{&quot;background_background&quot;:&quot;classic&quot;}\">\n\t\t\t\t\t\t\t<div class=\"elementor-background-overlay\"><\/div>\n\t\t\t\t\t\t\t<div class=\"elementor-container elementor-column-gap-no\">\n\t\t\t\t\t<div class=\"elementor-column elementor-col-100 elementor-top-column elementor-element elementor-element-2b650870\" data-id=\"2b650870\" data-element_type=\"column\">\n\t\t\t<div class=\"elementor-widget-wrap elementor-element-populated\">\n\t\t\t\t\t\t\t\t<div class=\"elementor-element elementor-element-29259c01 elementor-widget elementor-widget-heading\" data-id=\"29259c01\" data-element_type=\"widget\" data-widget_type=\"heading.default\">\n\t\t\t\t<div class=\"elementor-widget-container\">\n\t\t\t<h2 class=\"elementor-heading-title elementor-size-default\">om vidsels <br>Bygdef\u00f6rening<\/h2>\t\t<\/div>\n\t\t\t\t<\/div>\n\t\t\t\t\t<\/div>\n\t\t<\/div>\n\t\t\t\t\t\t\t<\/div>\n\t\t<\/section>\n\t\t\t\t<section class=\"elementor-section elementor-top-section elementor-element elementor-element-59e1180 elementor-section-boxed elementor-section-height-default elementor-section-height-default\" data-id=\"59e1180\" data-element_type=\"section\">\n\t\t\t\t\t\t<div class=\"elementor-container elementor-column-gap-default\">\n\t\t\t\t\t<div class=\"elementor-column elementor-col-100 elementor-top-column elementor-element elementor-element-9d0d5f5\" data-id=\"9d0d5f5\" data-element_type=\"column\">\n\t\t\t<div class=\"elementor-widget-wrap elementor-element-populated\">\n\t\t\t\t\t\t\t\t<div class=\"elementor-element elementor-element-410c2eb elementor-widget elementor-widget-spacer\" data-id=\"410c2eb\" data-element_type=\"widget\" data-widget_type=\"spacer.default\">\n\t\t\t\t<div class=\"elementor-widget-container\">\n\t\t\t\t\t<div class=\"elementor-spacer\">\n\t\t\t<div class=\"elementor-spacer-inner\"><\/div>\n\t\t<\/div>\n\t\t\t\t<\/div>\n\t\t\t\t<\/div>\n\t\t\t\t\t<\/div>\n\t\t<\/div>\n\t\t\t\t\t\t\t<\/div>\n\t\t<\/section>\n\t\t\t\t<section class=\"elementor-section elementor-top-section elementor-element elementor-element-e785243 elementor-section-boxed elementor-section-height-default elementor-section-height-default\" data-id=\"e785243\" data-element_type=\"section\">\n\t\t\t\t\t\t<div class=\"elementor-container elementor-column-gap-default\">\n\t\t\t\t\t<div class=\"elementor-column elementor-col-50 elementor-top-column elementor-element elementor-element-f3bb0d3\" data-id=\"f3bb0d3\" data-element_type=\"column\">\n\t\t\t<div class=\"elementor-widget-wrap elementor-element-populated\">\n\t\t\t\t\t\t\t\t<div class=\"elementor-element elementor-element-6d687ca elementor-widget elementor-widget-heading\" data-id=\"6d687ca\" data-element_type=\"widget\" data-widget_type=\"heading.default\">\n\t\t\t\t<div class=\"elementor-widget-container\">\n\t\t\t<h2 class=\"elementor-heading-title elementor-size-default\">Styrelsen<\/h2>\t\t<\/div>\n\t\t\t\t<\/div>\n\t\t\t\t<div class=\"elementor-element elementor-element-7535e1c elementor-widget elementor-widget-text-editor\" data-id=\"7535e1c\" data-element_type=\"widget\" data-widget_type=\"text-editor.default\">\n\t\t\t\t<div class=\"elementor-widget-container\">\n\t\t\t\t\t\t\t<div data-id=\"81ccc9e\" data-element_type=\"widget\" data-widget_type=\"text-editor.default\"><div><div><p><strong>Ordf\u00f6rande<\/strong> <em>Maria Russell<\/em><\/p><p><span style=\"font-weight: bold;\">Vice ordf\u00f6rande<\/span>\u00a0<em>B\u00f6rje Andersson<\/em><em><br \/><\/em><\/p><p><strong> Kass\u00f6r<\/strong> <em>Eina Lundberg<\/em><\/p><p><strong> Sekreterare<\/strong>\u00a0<span style=\"background-color: rgba(2, 1, 1, 0); font-size: 1rem;\">Christine Huotari<\/span><\/p><p><strong> Ledamot<\/strong>\u00a0Benny Dahlberg<\/p><p><strong> Ledamot<\/strong>\u00a0Esther Conrad<\/p><p><span style=\"font-weight: bold;\">Ledamot<\/span>\u00a0Vakant<\/p><p><span style=\"font-weight: bold;\">Suppleant\u00a0<\/span><span style=\"background-color: rgba(2, 1, 1, 0); color: var(--ast-global-color-3); font-size: 1rem;\">Antje Vogel<\/span><\/p><p><strong> Suppleant<\/strong> <em>Aron Pettersson<\/em><\/p><p><strong> Suppleant<\/strong>\u00a0<em style=\"background-color: rgba(2, 1, 1, 0); font-size: 1rem;\">M\u00e5na Vestin Storrank<\/em><\/p><\/div><\/div><\/div>\t\t\t\t\t\t<\/div>\n\t\t\t\t<\/div>\n\t\t\t\t\t<\/div>\n\t\t<\/div>\n\t\t\t\t<div class=\"elementor-column elementor-col-50 elementor-top-column elementor-element elementor-element-e7d7841\" data-id=\"e7d7841\" data-element_type=\"column\">\n\t\t\t<div class=\"elementor-widget-wrap elementor-element-populated\">\n\t\t\t\t\t\t\t\t<div class=\"elementor-element elementor-element-0fba93f elementor-widget elementor-widget-heading\" data-id=\"0fba93f\" data-element_type=\"widget\" data-widget_type=\"heading.default\">\n\t\t\t\t<div class=\"elementor-widget-container\">\n\t\t\t<h2 class=\"elementor-heading-title elementor-size-default\">f\u00f6reningens bakgrund och Historia<\/h2>\t\t<\/div>\n\t\t\t\t<\/div>\n\t\t\t\t<div class=\"elementor-element elementor-element-c1ca7e7 elementor-widget elementor-widget-text-editor\" data-id=\"c1ca7e7\" data-element_type=\"widget\" data-widget_type=\"text-editor.default\">\n\t\t\t\t<div class=\"elementor-widget-container\">\n\t\t\t\t\t\t\t<p>Vidsels Bygdef\u00f6rening bildades den 18 maj 1981 p\u00e5 initiativ av Komvuxelever i Vidsel.<br \/>F\u00f6reningens syfte \u00e4r att som partipolitisk obunden f\u00f6rening v\u00e4rna om bygdens fortlevnad och utveckling.<\/p><p>Genom f\u00f6reningens intensiva f\u00f6rhandlingsarbete, \u00e5terkallade kommunen sitt beslut om rivning av \u201dgamla gympan\u201d. Vidsel fick efter renovering och ombyggnad ett \u201dFolkets Hus\u201d som fick namnet Vidsels Kulturhus.<\/p><p>Lokalerna med k\u00f6k och musikanl\u00e4ggning har hyrts ut av Vidsels Bygdef\u00f6rening, som ocks\u00e5 sett till och underh\u00e5llit utrustningen och lokalerna. F\u00f6reningens medlemmar har ocks\u00e5 genom sin medlemsavgift bidragit till Kulturhusets ekonomi. Flera st\u00f6rre investeringar har d\u00e4rigenom kunnat g\u00f6ras, fr\u00e4mst d\u00e5 i k\u00f6ket med bland annat restaurangdiskmaskin, kylsk\u00e5p, frysbox, mikrov\u00e5gsugn, v\u00e4rmesk\u00e5p, v\u00e4rmh\u00e5llningsplatta och ny spis.<br \/>Vi har \u00e4ven k\u00f6pt in ett flertal bord och kompletterat med 150 nya stolar, p\u00e5 senare \u00e5r \u00e4ven skaffat projektorer f\u00f6r att kunna visa film.<\/p><p>Kulturhuset har anv\u00e4nts flitigt vid m\u00f6ten, teater, dans, musikcaf\u00e9er, \u00e5rsfester, br\u00f6llop och fester av olika slag, 50-60-70-80-\u00e5rskalas mm. Kulturhuset har \u00e4ven hyrts ut till olika f\u00f6rs\u00e4ljare.<br \/>Skolan i Vidsel har under dagtid anv\u00e4nt lokalerna f\u00f6r olika aktiviteter.<\/p><p>Vidsels Bygdef\u00f6rening har genom \u00e5ren arrangerat ett stort antal tillst\u00e4llningar bl a<br \/>Midsommarfester, valborgsm\u00e4ssofirande, musikcaf\u00e9er, teater, julgransplundringar f\u00f6r att nu n\u00e4mna n\u00e5gra arrangemang.<\/p><p>Nytt f\u00f6r \u00e5r 2021 \u00e4r att Bygdef\u00f6reningen har flyttat sin verksamhet fr\u00e5n Kulturhuset till nya lokaler i Vidsels Aktivitetshus (f d NO-huset).<\/p>\t\t\t\t\t\t<\/div>\n\t\t\t\t<\/div>\n\t\t\t\t<div class=\"elementor-element elementor-element-dd74af3 elementor-widget elementor-widget-heading\" data-id=\"dd74af3\" data-element_type=\"widget\" data-widget_type=\"heading.default\">\n\t\t\t\t<div class=\"elementor-widget-container\">\n\t\t\t<h2 class=\"elementor-heading-title elementor-size-medium\">Bygdef\u00f6reningen flyttar 2021 sin verksamhet till nya lokaler<\/h2>\t\t<\/div>\n\t\t\t\t<\/div>\n\t\t\t\t<div class=\"elementor-element elementor-element-0452954 elementor-widget elementor-widget-text-editor\" data-id=\"0452954\" data-element_type=\"widget\" data-widget_type=\"text-editor.default\">\n\t\t\t\t<div class=\"elementor-widget-container\">\n\t\t\t\t\t\t\t<p>Under \u00e5ret 2020 f\u00f6rde Vidsels Bygdef\u00f6rening f\u00f6rhandlingar med \u00c4lvsbyns kommun, fr\u00e4mst om Kulturhuset men \u00e4ven om det s\u00e5 kallade NO-huset. Kommunens p\u00e5tryckningar om att st\u00e4nga v\u00e4rme och el till byggnaderna v\u00e4xte sig allt starkare och rivning verkade vara det enda alternativet.<\/p><p>I december bj\u00f6d Bygdef\u00f6reningen in olika personer f\u00f6r att f\u00e5 ytterligare inspel om vilka l\u00f6sningar som kan vara realistiska att genomf\u00f6ra f\u00f6r att f\u00e5 beh\u00e5lla byggnaderna. I samma veva tog ocks\u00e5 kommunen beslut p\u00e5 att Vidsels l\u00e5g- och mellanstadium skulle rivas. Det stod ocks\u00e5 klart att varken v\u00e4rme eller el kommer framgent att bekostas av kommunen varken f\u00f6r Kultur- eller NO-huset.<\/p><p>Styrelsen f\u00f6r f\u00f6reningen kom till den slutsatsen att vi sj\u00e4lva inte hade kraft nog att driva en segsliten process med kommunen. En frist\u00e5ende f\u00f6rhandlingsgrupp fick ist\u00e4llet detta uppdrag. Det framstod mer och mer att NO-huset var ett l\u00e4mpligare objekt att \u00f6verta, i och med att det finns ett st\u00f6rre utbud med lokaler att kunna driva m\u00e5nga aktiviteter samtidigt. Resultatet blev att Vidsels Aktivitetshus Ekonomiska F\u00f6rening bildades och dess syfte \u00e4r att \u00e4ga, driva och f\u00f6rvalta Vidsels Aktivitetshus.<\/p><p>F\u00f6reningarna har tillsammans utf\u00f6rt lokalernas renoveringsarbete, som nu \u00e4r klart. Bygdef\u00f6reningen erbjuder nu uthyrning av <strong>k\u00f6k, stora salen, konferensrummet<\/strong> och <strong>cafeterian<\/strong>. Se bilder, utrustning och priser i menyn under rubriken &#8221;lokaler&#8221;.<\/p>\t\t\t\t\t\t<\/div>\n\t\t\t\t<\/div>\n\t\t\t\t<div class=\"elementor-element elementor-element-0acc450 elementor-widget elementor-widget-heading\" data-id=\"0acc450\" data-element_type=\"widget\" data-widget_type=\"heading.default\">\n\t\t\t\t<div class=\"elementor-widget-container\">\n\t\t\t<h2 class=\"elementor-heading-title elementor-size-medium\">torgdagen<\/h2>\t\t<\/div>\n\t\t\t\t<\/div>\n\t\t\t\t<div class=\"elementor-element elementor-element-6a436c5 elementor-widget elementor-widget-text-editor\" data-id=\"6a436c5\" data-element_type=\"widget\" data-widget_type=\"text-editor.default\">\n\t\t\t\t<div class=\"elementor-widget-container\">\n\t\t\t\t\t\t\t<p>Torgdagen i Vidsel arrangerades f\u00f6r f\u00f6rsta g\u00e5ngen 1982, ett samarbete mellan bygdef\u00f6reningen och ortens aff\u00e4rer. Dagen f\u00f6r Torgdagen fastst\u00e4lldes till l\u00f6rdagen f\u00f6re Storforsens dag som sker en vecka f\u00f6re midsommar. Butikerna har minskat i antal men Torgdagen lever vidare, efter snart 40 \u00e5r sker fortfarande f\u00f6rs\u00e4ljning kring torget av hantverk, mat och fika, v\u00e5fflor och underh\u00e5llning av olika slag.<\/p><p>En dag som lockar m\u00e5nga bes\u00f6kare och utflyttade bybor tillbaka f\u00f6r att g\u00f6ra fynd eller bara f\u00f6r att tr\u00e4ffa gamla bekanta och umg\u00e5s.<\/p>\t\t\t\t\t\t<\/div>\n\t\t\t\t<\/div>\n\t\t\t\t\t<\/div>\n\t\t<\/div>\n\t\t\t\t\t\t\t<\/div>\n\t\t<\/section>\n\t\t\t\t<section class=\"elementor-section elementor-top-section elementor-element elementor-element-365c5ae elementor-section-boxed elementor-section-height-default elementor-section-height-default\" data-id=\"365c5ae\" data-element_type=\"section\">\n\t\t\t\t\t\t<div class=\"elementor-container elementor-column-gap-default\">\n\t\t\t\t\t<div class=\"elementor-column elementor-col-100 elementor-top-column elementor-element elementor-element-6842dbb\" data-id=\"6842dbb\" data-element_type=\"column\">\n\t\t\t<div class=\"elementor-widget-wrap elementor-element-populated\">\n\t\t\t\t\t\t\t\t<div class=\"elementor-element elementor-element-234848f elementor-widget elementor-widget-spacer\" data-id=\"234848f\" data-element_type=\"widget\" data-widget_type=\"spacer.default\">\n\t\t\t\t<div class=\"elementor-widget-container\">\n\t\t\t\t\t<div class=\"elementor-spacer\">\n\t\t\t<div class=\"elementor-spacer-inner\"><\/div>\n\t\t<\/div>\n\t\t\t\t<\/div>\n\t\t\t\t<\/div>\n\t\t\t\t\t<\/div>\n\t\t<\/div>\n\t\t\t\t\t\t\t<\/div>\n\t\t<\/section>\n\t\t\t\t\t\t<\/div>\n\t\t\t\t\t<\/div>\n\t\t","protected":false},"excerpt":{"rendered":"<p>om vidsels Bygdef\u00f6rening Styrelsen Ordf\u00f6rande Maria Russell Vice ordf\u00f6rande\u00a0B\u00f6rje Andersson Kass\u00f6r Eina Lundberg Sekreterare\u00a0Christine Huotari Ledamot\u00a0Benny Dahlberg Ledamot\u00a0Esther Conrad Ledamot\u00a0Vakant Suppleant\u00a0Antje Vogel Suppleant Aron Pettersson Suppleant\u00a0M\u00e5na Vestin Storrank f\u00f6reningens bakgrund och Historia Vidsels Bygdef\u00f6rening bildades den 18 maj 1981 p\u00e5 initiativ av Komvuxelever i Vidsel.F\u00f6reningens syfte \u00e4r att som partipolitisk obunden f\u00f6rening v\u00e4rna om bygdens &hellip;<\/p>\n<p class=\"read-more\"> <a class=\"\" href=\"https:\/\/bygdeforeningen.vidsel.se\/index.php\/om-oss\/\"> <span class=\"screen-reader-text\">Om Oss<\/span> L\u00e4s mer &raquo;<\/a><\/p>\n","protected":false},"author":3,"featured_media":0,"parent":0,"menu_order":0,"comment_status":"closed","ping_status":"closed","template":"","meta":{"site-sidebar-layout":"no-sidebar","site-content-layout":"page-builder","ast-main-header-display":"","ast-hfb-above-header-display":"","ast-hfb-mobile-header-display":"","site-post-title":"disabled","ast-breadcrumbs-content":"","ast-featured-img":"disabled","footer-sml-layout":"","theme-transparent-header-meta":"","adv-header-id-meta":"","stick-header-meta":"","header-above-stick-meta":"","header-main-stick-meta":"","header-below-stick-meta":"","footnotes":""},"class_list":["post-601","page","type-page","status-publish","hentry"],"_links":{"self":[{"href":"https:\/\/bygdeforeningen.vidsel.se\/index.php\/wp-json\/wp\/v2\/pages\/601","targetHints":{"allow":["GET"]}}],"collection":[{"href":"https:\/\/bygdeforeningen.vidsel.se\/index.php\/wp-json\/wp\/v2\/pages"}],"about":[{"href":"https:\/\/bygdeforeningen.vidsel.se\/index.php\/wp-json\/wp\/v2\/types\/page"}],"author":[{"embeddable":true,"href":"https:\/\/bygdeforeningen.vidsel.se\/index.php\/wp-json\/wp\/v2\/users\/3"}],"replies":[{"embeddable":true,"href":"https:\/\/bygdeforeningen.vidsel.se\/index.php\/wp-json\/wp\/v2\/comments?post=601"}],"version-history":[{"count":52,"href":"https:\/\/bygdeforeningen.vidsel.se\/index.php\/wp-json\/wp\/v2\/pages\/601\/revisions"}],"predecessor-version":[{"id":2224,"href":"https:\/\/bygdeforeningen.vidsel.se\/index.php\/wp-json\/wp\/v2\/pages\/601\/revisions\/2224"}],"wp:attachment":[{"href":"https:\/\/bygdeforeningen.vidsel.se\/index.php\/wp-json\/wp\/v2\/media?parent=601"}],"curies":[{"name":"wp","href":"https:\/\/api.w.org\/{rel}","templated":true}]}}