{"id":599,"date":"2021-11-01T09:38:52","date_gmt":"2021-11-01T08:38:52","guid":{"rendered":"https:\/\/bygdeforeningen.vidsel.se\/?page_id=599"},"modified":"2022-02-07T10:33:21","modified_gmt":"2022-02-07T09:33:21","slug":"medlemskap","status":"publish","type":"page","link":"https:\/\/bygdeforeningen.vidsel.se\/index.php\/medlemskap\/","title":{"rendered":"Medlemskap"},"content":{"rendered":"\t\t<div data-elementor-type=\"wp-page\" data-elementor-id=\"599\" class=\"elementor elementor-599\" data-elementor-settings=\"[]\">\n\t\t\t\t\t\t\t<div class=\"elementor-section-wrap\">\n\t\t\t\t\t\t\t<section class=\"elementor-section elementor-top-section elementor-element elementor-element-1e69fb4c elementor-section-height-min-height elementor-section-content-middle elementor-section-boxed elementor-section-height-default elementor-section-items-middle\" data-id=\"1e69fb4c\" data-element_type=\"section\" data-settings=\"{&quot;background_background&quot;:&quot;classic&quot;}\">\n\t\t\t\t\t\t\t<div class=\"elementor-background-overlay\"><\/div>\n\t\t\t\t\t\t\t<div class=\"elementor-container elementor-column-gap-no\">\n\t\t\t\t\t<div class=\"elementor-column elementor-col-100 elementor-top-column elementor-element elementor-element-24645d62\" data-id=\"24645d62\" data-element_type=\"column\">\n\t\t\t<div class=\"elementor-widget-wrap elementor-element-populated\">\n\t\t\t\t\t\t\t\t<div class=\"elementor-element elementor-element-163dee7a elementor-widget elementor-widget-heading\" data-id=\"163dee7a\" data-element_type=\"widget\" data-widget_type=\"heading.default\">\n\t\t\t\t<div class=\"elementor-widget-container\">\n\t\t\t<h2 class=\"elementor-heading-title elementor-size-default\">Medlemskap<\/h2>\t\t<\/div>\n\t\t\t\t<\/div>\n\t\t\t\t\t<\/div>\n\t\t<\/div>\n\t\t\t\t\t\t\t<\/div>\n\t\t<\/section>\n\t\t\t\t<section class=\"elementor-section elementor-top-section elementor-element elementor-element-f10cc91 elementor-section-boxed elementor-section-height-default elementor-section-height-default\" data-id=\"f10cc91\" data-element_type=\"section\">\n\t\t\t\t\t\t<div class=\"elementor-container elementor-column-gap-default\">\n\t\t\t\t\t<div class=\"elementor-column elementor-col-100 elementor-top-column elementor-element elementor-element-196e4b6\" data-id=\"196e4b6\" data-element_type=\"column\">\n\t\t\t<div class=\"elementor-widget-wrap elementor-element-populated\">\n\t\t\t\t\t\t\t\t<div class=\"elementor-element elementor-element-dfe987e elementor-widget elementor-widget-spacer\" data-id=\"dfe987e\" data-element_type=\"widget\" data-widget_type=\"spacer.default\">\n\t\t\t\t<div class=\"elementor-widget-container\">\n\t\t\t\t\t<div class=\"elementor-spacer\">\n\t\t\t<div class=\"elementor-spacer-inner\"><\/div>\n\t\t<\/div>\n\t\t\t\t<\/div>\n\t\t\t\t<\/div>\n\t\t\t\t\t<\/div>\n\t\t<\/div>\n\t\t\t\t\t\t\t<\/div>\n\t\t<\/section>\n\t\t\t\t<section class=\"elementor-section elementor-top-section elementor-element elementor-element-10e6c23 elementor-section-boxed elementor-section-height-default elementor-section-height-default\" data-id=\"10e6c23\" data-element_type=\"section\">\n\t\t\t\t\t\t<div class=\"elementor-container elementor-column-gap-default\">\n\t\t\t\t\t<div class=\"elementor-column elementor-col-100 elementor-top-column elementor-element elementor-element-739994c\" data-id=\"739994c\" data-element_type=\"column\">\n\t\t\t<div class=\"elementor-widget-wrap elementor-element-populated\">\n\t\t\t\t\t\t\t\t<div class=\"elementor-element elementor-element-4119a2d elementor-widget elementor-widget-heading\" data-id=\"4119a2d\" data-element_type=\"widget\" data-widget_type=\"heading.default\">\n\t\t\t\t<div class=\"elementor-widget-container\">\n\t\t\t<h2 class=\"elementor-heading-title elementor-size-default\">Bli medlem i bygdef\u00f6reningen<\/h2>\t\t<\/div>\n\t\t\t\t<\/div>\n\t\t\t\t\t<\/div>\n\t\t<\/div>\n\t\t\t\t\t\t\t<\/div>\n\t\t<\/section>\n\t\t\t\t<section class=\"elementor-section elementor-top-section elementor-element elementor-element-12c07c9 elementor-section-boxed elementor-section-height-default elementor-section-height-default\" data-id=\"12c07c9\" data-element_type=\"section\">\n\t\t\t\t\t\t<div class=\"elementor-container elementor-column-gap-default\">\n\t\t\t\t\t<div class=\"elementor-column elementor-col-100 elementor-top-column elementor-element elementor-element-1ec662a\" data-id=\"1ec662a\" data-element_type=\"column\">\n\t\t\t<div class=\"elementor-widget-wrap elementor-element-populated\">\n\t\t\t\t\t\t\t\t<div class=\"elementor-element elementor-element-7e1a5c6 elementor-widget elementor-widget-text-editor\" data-id=\"7e1a5c6\" data-element_type=\"widget\" data-widget_type=\"text-editor.default\">\n\t\t\t\t<div class=\"elementor-widget-container\">\n\t\t\t\t\t\t\t<p>Bli medlem hos oss och f\u00e5 en engagerad f\u00f6rening som verkar f\u00f6r att b\u00e5de stora och sm\u00e5 ska ha en trivsam by att leva och bo i!<\/p><p>Med en ny lokal i Aktivitetshuset har vi en sp\u00e4nnande tid framf\u00f6r oss och vi vill ju sj\u00e4lvklart ha med just Dig p\u00e5 v\u00e5r resa <img decoding=\"async\" class=\"emoji\" role=\"img\" draggable=\"false\" src=\"https:\/\/s.w.org\/images\/core\/emoji\/13.0.1\/svg\/1f60a.svg\" alt=\"\ud83d\ude0a\" \/><\/p><p>Det har varit ett k\u00e4mpigt \u00e5r f\u00f6r oss alla men vi tar tacksamt emot id\u00e9er och f\u00f6rslag \u00f6ver vad ni vill att vi ska hitta p\u00e5, l\u00e4mna dem i brevl\u00e5dan utanf\u00f6r tempo, mejla eller ber\u00e4tta f\u00f6r n\u00e5gon av oss i styrelsen!<\/p><p>Vi h\u00e4lsar nya och gamla medlemmar v\u00e4lkomna att st\u00f6tta oss! Mvh Styrelsen<\/p>\t\t\t\t\t\t<\/div>\n\t\t\t\t<\/div>\n\t\t\t\t\t<\/div>\n\t\t<\/div>\n\t\t\t\t\t\t\t<\/div>\n\t\t<\/section>\n\t\t\t\t<section class=\"elementor-section elementor-top-section elementor-element elementor-element-bfcf42b elementor-section-boxed elementor-section-height-default elementor-section-height-default\" data-id=\"bfcf42b\" data-element_type=\"section\">\n\t\t\t\t\t\t<div class=\"elementor-container elementor-column-gap-default\">\n\t\t\t\t\t<div class=\"elementor-column elementor-col-50 elementor-top-column elementor-element elementor-element-6ab8904\" data-id=\"6ab8904\" data-element_type=\"column\">\n\t\t\t<div class=\"elementor-widget-wrap elementor-element-populated\">\n\t\t\t\t\t\t\t\t<div class=\"elementor-element elementor-element-55d9b83 elementor-widget elementor-widget-text-editor\" data-id=\"55d9b83\" data-element_type=\"widget\" data-widget_type=\"text-editor.default\">\n\t\t\t\t<div class=\"elementor-widget-container\">\n\t\t\t\t\t\t\t<section class=\"elementor-section elementor-top-section elementor-element elementor-element-fde782b elementor-section-boxed elementor-section-height-default elementor-section-height-default\" data-id=\"fde782b\" data-element_type=\"section\"><div class=\"elementor-container elementor-column-gap-default\"><div class=\"elementor-column elementor-col-100 elementor-top-column elementor-element elementor-element-6026262\" data-id=\"6026262\" data-element_type=\"column\"><div class=\"elementor-widget-wrap elementor-element-populated\"><div class=\"elementor-element elementor-element-2f2c756 elementor-widget elementor-widget-text-editor\" data-id=\"2f2c756\" data-element_type=\"widget\" data-widget_type=\"text-editor.default\"><div class=\"elementor-widget-container\"><div class=\"elementor-text-editor elementor-clearfix\"><h4><strong>FAMILJ: 250kr\u00a0 \u00a0 \u00a0 \u00a0 \u00a0 \u00a0 \u00a0 \u00a0 \u00a0 \u00a0 \u00a0 \u00a0 \u00a0 \u00a0 \u00a0<\/strong><strong>ENSKILD: 150Kr<\/strong><\/h4><\/div><\/div><\/div><\/div><\/div><\/div><\/section><section class=\"elementor-section elementor-top-section elementor-element elementor-element-4d4edae elementor-section-boxed elementor-section-height-default elementor-section-height-default\" data-id=\"4d4edae\" data-element_type=\"section\"><div class=\"elementor-container elementor-column-gap-default\"><div class=\"elementor-column elementor-col-100 elementor-top-column elementor-element elementor-element-7fd6af1\" data-id=\"7fd6af1\" data-element_type=\"column\"><div class=\"elementor-widget-wrap elementor-element-populated\"><div class=\"elementor-element elementor-element-c142afb elementor-widget elementor-widget-text-editor\" data-id=\"c142afb\" data-element_type=\"widget\" data-widget_type=\"text-editor.default\"><div class=\"elementor-widget-container\"><div class=\"elementor-text-editor elementor-clearfix\"><p>Betala med bankgiro eller swish<\/p><\/div><\/div><\/div><\/div><\/div><\/div><\/section><section class=\"elementor-section elementor-top-section elementor-element elementor-element-b0d88ce elementor-section-boxed elementor-section-height-default elementor-section-height-default\" data-id=\"b0d88ce\" data-element_type=\"section\"><div class=\"elementor-container elementor-column-gap-default\"><div class=\"elementor-column elementor-col-100 elementor-top-column elementor-element elementor-element-d308a4f\" data-id=\"d308a4f\" data-element_type=\"column\"><div class=\"elementor-widget-wrap elementor-element-populated\"><div class=\"elementor-element elementor-element-52f8825 elementor-widget elementor-widget-text-editor\" data-id=\"52f8825\" data-element_type=\"widget\" data-widget_type=\"text-editor.default\"><div class=\"elementor-widget-container\"><h4 class=\"elementor-text-editor elementor-clearfix\"><strong style=\"font-size: 19.2px;\">Bankgiro: 581-5774<\/strong><\/h4><h4 class=\"elementor-text-editor elementor-clearfix\"><strong>Swish : 123 268 1534<\/strong><\/h4><\/div><\/div><\/div><\/div><\/div><\/section>\t\t\t\t\t\t<\/div>\n\t\t\t\t<\/div>\n\t\t\t\t\t<\/div>\n\t\t<\/div>\n\t\t\t\t<div class=\"elementor-column elementor-col-50 elementor-top-column elementor-element elementor-element-20b7ffe\" data-id=\"20b7ffe\" data-element_type=\"column\">\n\t\t\t<div class=\"elementor-widget-wrap elementor-element-populated\">\n\t\t\t\t\t\t\t\t<div class=\"elementor-element elementor-element-119562c elementor-widget elementor-widget-image\" data-id=\"119562c\" data-element_type=\"widget\" data-widget_type=\"image.default\">\n\t\t\t\t<div class=\"elementor-widget-container\">\n\t\t\t\t\t\t\t\t\t\t\t\t\t\t\t<img loading=\"lazy\" decoding=\"async\" width=\"265\" height=\"300\" src=\"https:\/\/bygdeforeningen.vidsel.se\/wp-content\/uploads\/2022\/02\/QR-kod-medlemsavgift-2022-265x300.png\" class=\"attachment-medium size-medium\" alt=\"\" srcset=\"https:\/\/bygdeforeningen.vidsel.se\/wp-content\/uploads\/2022\/02\/QR-kod-medlemsavgift-2022-265x300.png 265w, https:\/\/bygdeforeningen.vidsel.se\/wp-content\/uploads\/2022\/02\/QR-kod-medlemsavgift-2022-904x1024.png 904w, https:\/\/bygdeforeningen.vidsel.se\/wp-content\/uploads\/2022\/02\/QR-kod-medlemsavgift-2022-768x870.png 768w, https:\/\/bygdeforeningen.vidsel.se\/wp-content\/uploads\/2022\/02\/QR-kod-medlemsavgift-2022-1355x1536.png 1355w, https:\/\/bygdeforeningen.vidsel.se\/wp-content\/uploads\/2022\/02\/QR-kod-medlemsavgift-2022.png 1500w\" sizes=\"auto, (max-width: 265px) 100vw, 265px\" \/>\t\t\t\t\t\t\t\t\t\t\t\t\t\t\t<\/div>\n\t\t\t\t<\/div>\n\t\t\t\t\t<\/div>\n\t\t<\/div>\n\t\t\t\t\t\t\t<\/div>\n\t\t<\/section>\n\t\t\t\t\t\t<\/div>\n\t\t\t\t\t<\/div>\n\t\t","protected":false},"excerpt":{"rendered":"<p>Medlemskap Bli medlem i bygdef\u00f6reningen Bli medlem hos oss och f\u00e5 en engagerad f\u00f6rening som verkar f\u00f6r att b\u00e5de stora och sm\u00e5 ska ha en trivsam by att leva och bo i! Med en ny lokal i Aktivitetshuset har vi en sp\u00e4nnande tid framf\u00f6r oss och vi vill ju sj\u00e4lvklart ha med just Dig p\u00e5 &hellip;<\/p>\n<p class=\"read-more\"> <a class=\"\" href=\"https:\/\/bygdeforeningen.vidsel.se\/index.php\/medlemskap\/\"> <span class=\"screen-reader-text\">Medlemskap<\/span> L\u00e4s mer &raquo;<\/a><\/p>\n","protected":false},"author":3,"featured_media":0,"parent":0,"menu_order":0,"comment_status":"closed","ping_status":"closed","template":"","meta":{"site-sidebar-layout":"no-sidebar","site-content-layout":"page-builder","ast-main-header-display":"","ast-hfb-above-header-display":"","ast-hfb-mobile-header-display":"","site-post-title":"disabled","ast-breadcrumbs-content":"","ast-featured-img":"disabled","footer-sml-layout":"","theme-transparent-header-meta":"","adv-header-id-meta":"","stick-header-meta":"","header-above-stick-meta":"","header-main-stick-meta":"","header-below-stick-meta":"","footnotes":""},"class_list":["post-599","page","type-page","status-publish","hentry"],"_links":{"self":[{"href":"https:\/\/bygdeforeningen.vidsel.se\/index.php\/wp-json\/wp\/v2\/pages\/599","targetHints":{"allow":["GET"]}}],"collection":[{"href":"https:\/\/bygdeforeningen.vidsel.se\/index.php\/wp-json\/wp\/v2\/pages"}],"about":[{"href":"https:\/\/bygdeforeningen.vidsel.se\/index.php\/wp-json\/wp\/v2\/types\/page"}],"author":[{"embeddable":true,"href":"https:\/\/bygdeforeningen.vidsel.se\/index.php\/wp-json\/wp\/v2\/users\/3"}],"replies":[{"embeddable":true,"href":"https:\/\/bygdeforeningen.vidsel.se\/index.php\/wp-json\/wp\/v2\/comments?post=599"}],"version-history":[{"count":22,"href":"https:\/\/bygdeforeningen.vidsel.se\/index.php\/wp-json\/wp\/v2\/pages\/599\/revisions"}],"predecessor-version":[{"id":1392,"href":"https:\/\/bygdeforeningen.vidsel.se\/index.php\/wp-json\/wp\/v2\/pages\/599\/revisions\/1392"}],"wp:attachment":[{"href":"https:\/\/bygdeforeningen.vidsel.se\/index.php\/wp-json\/wp\/v2\/media?parent=599"}],"curies":[{"name":"wp","href":"https:\/\/api.w.org\/{rel}","templated":true}]}}